{"id":153,"date":"2024-09-26T11:39:30","date_gmt":"2024-09-26T09:39:30","guid":{"rendered":"https:\/\/www.sostelia.com\/es\/?page_id=153"},"modified":"2026-04-16T11:18:46","modified_gmt":"2026-04-16T09:18:46","slug":"servicios","status":"publish","type":"page","link":"https:\/\/www.sostelia.com\/es\/servicios\/","title":{"rendered":"Servicios"},"content":{"rendered":"\n\n\n\n\n<section class=\"hero-banner aligncenter pt-100 no-overlay\" data-block=\"block_86eae2c6506339e844f6c6e7d5602336\">\n\n\n\t\n\t\t\t\t\n\t\t\n\n\t\t<img decoding=\"async\" src=\"https:\/\/www.sostelia.com\/es\/wp-content\/uploads\/sites\/3\/servizi-desktop.webp\" alt=\"mano con camicia tiene beuta: campagna sostelia\" class=\"img-cover desktop\">\n\n\t\t\t\t\t<img decoding=\"async\" src=\"https:\/\/www.sostelia.com\/es\/wp-content\/uploads\/sites\/3\/servizi-mobile.webp\" alt=\"mano con beuta: campagna sostelia\" class=\"img-cover mobile\">\n\t\t\n\t\n\n\t<div class=\"title-wrap pt-80 pb-100 plr-5 color-white\">\n\t\t<div class=\"col-wrap\">\n\t\t\t<div class=\"custom-breadcrumb uppercase color-white\" data-aos=\"fade-right\"><\/div>\n\n\t\t\t\t\t\t\t<h1 data-aos=\"fade-up\">Los servicios propuestos por Sostelia\n<\/h1>\n\t\t\t\n\t\t\t<div class=\"text fz-33 uppercase\" data-aos=\"fade-up\" data-aos-delay=\"300\">\n\t\t\t\t\n\t\t\t<\/div>\n\n\t\t<\/div>\n\n\n\t\t\n\t<\/div>\n\n\n\t\n\n\t\n\t\t\t<a href=\"#intro\" class=\"scroll-down\">\n\t\t\t<svg width=\"32\" height=\"48\" viewBox=\"0 0 32 48\" fill=\"none\" xmlns=\"http:\/\/www.w3.org\/2000\/svg\">\n<rect x=\"0.5\" y=\"0.5\" width=\"30.5\" height=\"47\" rx=\"15.25\" stroke=\"white\"\/>\n<path d=\"M15.75 6V21\" stroke=\"white\"\/>\n<\/svg>\n\n\t\t\t<div>\n\t\t\t\t\n\t\t\t<\/div>\n\t\t<\/a>\n\t\n\n\t\n\n<\/section>\n\n\n\n<section class=\"text-intro aligncenter plr-10 pt-100 pb-100\" id=\"intro\" data-block=\"block_91ba2ce1dcbffc18e1bbb68e48942960\">\n\n\t\t\t<div class=\"caption\">\n\t\t\t<div class=\"dot\"><\/div>\n\t\t\tServicios\n\t\t<\/div>\n\t\n\t\t\t<h2 data-aos=\"fade-up\">Sostelia se ocupa del <strong>dise\u00f1o, construcci\u00f3n, operaci\u00f3n, mantenimiento y alquiler de instalaciones para el tratamiento de las aguas<\/strong>, proponi\u00e9ndose como socio de referencia para la operaci\u00f3n de instalaciones civiles e industriales.\n<\/h2>\n\t\n\n\t\n\t\t<div class=\"row-wrap  pt-50 flex-end\">\n\n\n\t\t\t\n\t\t\t\t\t\t\t<div class=\"text-wrap col-wrap\" data-aos=\"fade-up\">\n\n\t\t\t\t\t<p>Nuestro Grupo tambi\u00e9n propone<strong> tecnolog\u00edas para el tratamiento de los lodos, asesor\u00edas medioambientales<\/strong> y <strong>servicios de purgado y eliminaci\u00f3n de residuos<\/strong>.<\/p>\n<p>Ofrecemos soluciones personalizadas para cada cliente para garantizar instalaciones eficientes y duraderas, realizadas y operadas por nuestros t\u00e9cnicos internos, que tienen a sus espaldas una profunda competencia operativa en el sector.<\/p>\n\n\t\t\t\t\t\n\n\t\t\t\t<\/div>\n\t\t\t\n\t\t<\/div>\n\n\t\n\n\t\n\t\t\t\t\n\n\t\n\n<\/section>\n\n\n\n\n<section class=\"double-banner aligncenter plr-5 pb-100\" data-block=\"block_9921d94c62deaecfc5437a2b99372c7c\">\n\n\t\n\t\t\t\t\t\t\t\n\n\t\t<div class=\"col-wrap\">\n\n\n\t\t\t<div class=\"image-wrap\" data-aos=\"fade-up\">\n\n\t\t\t\t<img decoding=\"async\" src=\"https:\/\/www.sostelia.com\/es\/wp-content\/uploads\/sites\/3\/progettazione-impianti.webp\" alt=\"progettazione impianti trattamento acque\" class=\"img-cover\">\n\t\t\t<\/div>\n\n\t\t\t<div class=\"title fz-38 fw-bold\" data-aos=\"fade-up\">Dise\u00f1o y realizaci\u00f3n de instalaciones<\/div>\n\n\n\t\t\t<div class=\"text\" data-aos=\"fade-up\">\n\n\t\t\t\t<p>Gracias a departamentos internos dedicados, Sostelia propone servicios de <strong>dise\u00f1o y realizaci\u00f3n de instalaciones a medida<\/strong>. El estudio de las exigencias del comitente y del \u00e1mbito de aplicaci\u00f3n nos permite construir instalaciones con un gran rendimiento y adecuadas para las necesidades espec\u00edficas. La experiencia profesional y la competencia t\u00e9cnica especializada aseguran la calidad de nuestros trabajos.<\/p>\n\n\t\t\t<\/div>\n\n\t\t\t\n\t\t\t\t\n\t\t\t\t\t\t\t\t\t\t\t\t\t\n\t\t\t\t<a href=\"https:\/\/www.sostelia.com\/es\/servicios\/diseno-y-realizacion-de-instalaciones\/\" title=\"Dise\u00f1o y realizaci\u00f3n de instalaciones\" class=\"btn p-btn\" data-aos=\"fade-up\"><\/a>\n\n\n\t\t\t\n\n\t\t<\/div>\n\n\t\n\t\t\t\t\t\t\t\n\n\t\t<div class=\"col-wrap\">\n\n\n\t\t\t<div class=\"image-wrap\" data-aos=\"fade-up\">\n\n\t\t\t\t<img decoding=\"async\" src=\"https:\/\/www.sostelia.com\/es\/wp-content\/uploads\/sites\/3\/gestione-impianti-1.webp\" alt=\"gestione impianti depurazione acque\" class=\"img-cover\">\n\t\t\t<\/div>\n\n\t\t\t<div class=\"title fz-38 fw-bold\" data-aos=\"fade-up\">Operaci\u00f3n de instalaciones<\/div>\n\n\n\t\t\t<div class=\"text\" data-aos=\"fade-up\">\n\n\t\t\t\t<p>Ofrecemos a nuestros clientes <strong>servicios de gesti\u00f3n<\/strong> para la realizaci\u00f3n t\u00e9cnica, anal\u00edtica, administrativa y log\u00edstica de las instalaciones. Mediante la supervisi\u00f3n directa, la asistencia y el mantenimiento optimizamos las prestaciones y racionalizamos los consumos, reduciendo los desperdicios h\u00eddricos y garantizando siempre el mantenimiento en r\u00e9gimen de las instalaciones y el respeto de las normativas vigentes.<\/p>\n\n\t\t\t<\/div>\n\n\t\t\t\n\t\t\t\t\n\t\t\t\t\t\t\t\t\t\t\t\t\t\n\t\t\t\t<a href=\"https:\/\/www.sostelia.com\/es\/servicios\/operacion-de-instalaciones\/\" title=\"Gestione Impianti Depurazione Acque\" class=\"btn p-btn\" data-aos=\"fade-up\"><\/a>\n\n\n\t\t\t\n\n\t\t<\/div>\n\n\t\n\n<\/section>\n\n\n\n\n\n<section class=\"services-list aligncenter pt-50\" data-block=\"block_b0cc0ed63f759a8a43dc2f5128b1f84f\">\n\n\t<h2 class=\"plr-5\"><strong>Otros servicios<\/strong> ofrecidos por Sostelia\n<\/h2>\n\n\n\t<ul class=\"list-wrap\">\n\t\t\t\t\t<li data-aos=\"fade-up\">\n\t\t\t\t<a href=\"https:\/\/www.sostelia.com\/es\/servicios\/alquiler-de-instalaciones-moviles\/\">\n\t\t\t\t\t<span class=\"fz-38 fw-bold\">\n\t\t\t\t\t\tAlquiler de instalaciones m\u00f3viles\n\t\t\t\t\t<\/span>\n\t\t\t\t\t<svg width=\"37\" height=\"32\" viewBox=\"0 0 37 32\" fill=\"none\" xmlns=\"http:\/\/www.w3.org\/2000\/svg\">\n<path d=\"M34 16L9.53674e-07 16\" stroke=\"#002B49\" stroke-width=\"2\"\/>\n<path d=\"M20 1L35 16L20 31\" stroke=\"#002B49\" stroke-width=\"2\"\/>\n<\/svg>\n\n\t\t\t\t<\/a>\n\t\t\t<\/li>\n\t\t\t\t\t<li data-aos=\"fade-up\">\n\t\t\t\t<a href=\"https:\/\/www.sostelia.com\/es\/servicios\/asesoramiento-medioambiental-y-tramitacion-de-permisos\/\">\n\t\t\t\t\t<span class=\"fz-38 fw-bold\">\n\t\t\t\t\t\tAsesoramiento medioambiental y tramitaci\u00f3n de permisos\n\t\t\t\t\t<\/span>\n\t\t\t\t\t<svg width=\"37\" height=\"32\" viewBox=\"0 0 37 32\" fill=\"none\" xmlns=\"http:\/\/www.w3.org\/2000\/svg\">\n<path d=\"M34 16L9.53674e-07 16\" stroke=\"#002B49\" stroke-width=\"2\"\/>\n<path d=\"M20 1L35 16L20 31\" stroke=\"#002B49\" stroke-width=\"2\"\/>\n<\/svg>\n\n\t\t\t\t<\/a>\n\t\t\t<\/li>\n\t\t\t\t\t<li data-aos=\"fade-up\">\n\t\t\t\t<a href=\"https:\/\/www.sostelia.com\/es\/servicios\/eliminacion-de-residuos\/\">\n\t\t\t\t\t<span class=\"fz-38 fw-bold\">\n\t\t\t\t\t\tEliminaci\u00f3n de residuos\n\t\t\t\t\t<\/span>\n\t\t\t\t\t<svg width=\"37\" height=\"32\" viewBox=\"0 0 37 32\" fill=\"none\" xmlns=\"http:\/\/www.w3.org\/2000\/svg\">\n<path d=\"M34 16L9.53674e-07 16\" stroke=\"#002B49\" stroke-width=\"2\"\/>\n<path d=\"M20 1L35 16L20 31\" stroke=\"#002B49\" stroke-width=\"2\"\/>\n<\/svg>\n\n\t\t\t\t<\/a>\n\t\t\t<\/li>\n\t\t\t<\/ul>\n\n\n<\/section>\n\n\n\n\n<section class=\"secondary-cta aligncenter plr-10 pt-100 pb-100\" data-block=\"block_d2fc31a8b9d9f6f8b5f06bc22fd7a2cc\">\n\n\t\t\t<h2 class=\"uppercase h1\" data-aos=\"fade-up\">Las <strong>aplicaciones<\/strong><br \/>\nde Sostelia.\n<\/h2>\n\t\n\t<a href=\"https:\/\/www.sostelia.com\/es\/aplicaciones\/\" title=\"Impianti Trattamento Acque\" class=\"btn p-btn\" data-aos=\"fade-up\"><\/a>\n\n\t\n<\/section>\n\n\n\n\t\n\t\n\t\n\t\n\t\n\n\n<section class=\"cta aligncenter plr-10 pt-100 pb-100 color-white\" data-block=\"block_76058845a42a2295214425418d4a3745\">\n\n\t\t\t<h2 class=\"uppercase\" data-aos=\"fade-up\">\u00bfQuieres recibir m\u00e1s informaci\u00f3n sobre los <strong>servicios de depuraci\u00f3n y tratamiento de aguas<\/strong> ofrecidos por Sostelia?\n<\/h2>\n\t\n\t<div class=\"btn-wrap\" data-aos=\"fade-up\">\n\n\t\t\t\t\t<a href=\"https:\/\/www.sostelia.com\/es\/contacto\/\" title=\"Contatti Gruppo Sostelia\" class=\"btn-expand\">Cont\u00e1ctanos<\/a>\n\n\t\t\n\t<\/div>\n\n\n<\/section>\n","protected":false},"excerpt":{"rendered":"","protected":false},"author":1,"featured_media":0,"parent":0,"menu_order":0,"comment_status":"closed","ping_status":"closed","template":"","meta":{"_acf_changed":false,"inline_featured_image":false,"footnotes":""},"class_list":["post-153","page","type-page","status-publish","hentry"],"acf":[],"yoast_head":"<!-- This site is optimized with the Yoast SEO plugin v24.4 - https:\/\/yoast.com\/wordpress\/plugins\/seo\/ -->\n<title>Servizi Depurazione e Trattamento Acque | Soluzioni Sostelia<\/title>\n<meta name=\"description\" content=\"Scopri i servizi di depurazione trattamento acque di Sostelia. Progettazione, gestione e manutenzione di impianti per una gestione sostenibile delle acque.\" \/>\n<meta name=\"robots\" content=\"noindex, follow, max-snippet:-1, max-image-preview:large, max-video-preview:-1\" \/>\n<meta property=\"og:locale\" content=\"es_ES\" \/>\n<meta property=\"og:type\" content=\"article\" \/>\n<meta property=\"og:title\" content=\"Servizi Depurazione e Trattamento Acque | Soluzioni Sostelia\" \/>\n<meta property=\"og:description\" content=\"Scopri i servizi di depurazione trattamento acque di Sostelia. Progettazione, gestione e manutenzione di impianti per una gestione sostenibile delle acque.\" \/>\n<meta property=\"og:url\" content=\"https:\/\/www.sostelia.com\/es\/servicios\/\" \/>\n<meta property=\"og:site_name\" content=\"Sostelia ES\" \/>\n<meta property=\"article:modified_time\" content=\"2026-04-16T09:18:46+00:00\" \/>\n<meta property=\"og:image\" content=\"https:\/\/www.sostelia.com\/es\/wp-content\/uploads\/sites\/3\/sostenibilita-desktop.webp\" \/>\n\t<meta property=\"og:image:width\" content=\"2556\" \/>\n\t<meta property=\"og:image:height\" content=\"1438\" \/>\n\t<meta property=\"og:image:type\" content=\"image\/webp\" \/>\n<meta name=\"twitter:card\" content=\"summary_large_image\" \/>\n<script type=\"application\/ld+json\" class=\"yoast-schema-graph\">{\"@context\":\"https:\/\/schema.org\",\"@graph\":[{\"@type\":\"WebPage\",\"@id\":\"https:\/\/www.sostelia.com\/es\/servicios\/\",\"url\":\"https:\/\/www.sostelia.com\/es\/servicios\/\",\"name\":\"Servizi Depurazione e Trattamento Acque | Soluzioni Sostelia\",\"isPartOf\":{\"@id\":\"https:\/\/www.sostelia.com\/es\/#website\"},\"datePublished\":\"2024-09-26T09:39:30+00:00\",\"dateModified\":\"2026-04-16T09:18:46+00:00\",\"description\":\"Scopri i servizi di depurazione trattamento acque di Sostelia. Progettazione, gestione e manutenzione di impianti per una gestione sostenibile delle acque.\",\"breadcrumb\":{\"@id\":\"https:\/\/www.sostelia.com\/es\/servicios\/#breadcrumb\"},\"inLanguage\":\"es\",\"potentialAction\":[{\"@type\":\"ReadAction\",\"target\":[\"https:\/\/www.sostelia.com\/es\/servicios\/\"]}]},{\"@type\":\"BreadcrumbList\",\"@id\":\"https:\/\/www.sostelia.com\/es\/servicios\/#breadcrumb\",\"itemListElement\":[{\"@type\":\"ListItem\",\"position\":1,\"name\":\"Home\",\"item\":\"https:\/\/www.sostelia.com\/es\/\"},{\"@type\":\"ListItem\",\"position\":2,\"name\":\"Servicios\"}]},{\"@type\":\"WebSite\",\"@id\":\"https:\/\/www.sostelia.com\/es\/#website\",\"url\":\"https:\/\/www.sostelia.com\/es\/\",\"name\":\"Sostelia\",\"description\":\"\",\"publisher\":{\"@id\":\"https:\/\/www.sostelia.com\/es\/#organization\"},\"potentialAction\":[{\"@type\":\"SearchAction\",\"target\":{\"@type\":\"EntryPoint\",\"urlTemplate\":\"https:\/\/www.sostelia.com\/es\/?s={search_term_string}\"},\"query-input\":{\"@type\":\"PropertyValueSpecification\",\"valueRequired\":true,\"valueName\":\"search_term_string\"}}],\"inLanguage\":\"es\"},{\"@type\":\"Organization\",\"@id\":\"https:\/\/www.sostelia.com\/es\/#organization\",\"name\":\"Sostelia\",\"url\":\"https:\/\/www.sostelia.com\/es\/\",\"logo\":{\"@type\":\"ImageObject\",\"inLanguage\":\"es\",\"@id\":\"https:\/\/www.sostelia.com\/es\/#\/schema\/logo\/image\/\",\"url\":\"https:\/\/www.sostelia.com\/es\/wp-content\/uploads\/sites\/3\/logo-sostelia-water-tech-group.jpg\",\"contentUrl\":\"https:\/\/www.sostelia.com\/es\/wp-content\/uploads\/sites\/3\/logo-sostelia-water-tech-group.jpg\",\"width\":800,\"height\":800,\"caption\":\"Sostelia\"},\"image\":{\"@id\":\"https:\/\/www.sostelia.com\/es\/#\/schema\/logo\/image\/\"}}]}<\/script>\n<!-- \/ Yoast SEO plugin. -->","yoast_head_json":{"title":"Servizi Depurazione e Trattamento Acque | Soluzioni Sostelia","description":"Scopri i servizi di depurazione trattamento acque di Sostelia. Progettazione, gestione e manutenzione di impianti per una gestione sostenibile delle acque.","robots":{"index":"noindex","follow":"follow","max-snippet":"max-snippet:-1","max-image-preview":"max-image-preview:large","max-video-preview":"max-video-preview:-1"},"og_locale":"es_ES","og_type":"article","og_title":"Servizi Depurazione e Trattamento Acque | Soluzioni Sostelia","og_description":"Scopri i servizi di depurazione trattamento acque di Sostelia. Progettazione, gestione e manutenzione di impianti per una gestione sostenibile delle acque.","og_url":"https:\/\/www.sostelia.com\/es\/servicios\/","og_site_name":"Sostelia ES","article_modified_time":"2026-04-16T09:18:46+00:00","og_image":[{"width":2556,"height":1438,"url":"https:\/\/www.sostelia.com\/es\/wp-content\/uploads\/sites\/3\/sostenibilita-desktop.webp","type":"image\/webp"}],"twitter_card":"summary_large_image","schema":{"@context":"https:\/\/schema.org","@graph":[{"@type":"WebPage","@id":"https:\/\/www.sostelia.com\/es\/servicios\/","url":"https:\/\/www.sostelia.com\/es\/servicios\/","name":"Servizi Depurazione e Trattamento Acque | Soluzioni Sostelia","isPartOf":{"@id":"https:\/\/www.sostelia.com\/es\/#website"},"datePublished":"2024-09-26T09:39:30+00:00","dateModified":"2026-04-16T09:18:46+00:00","description":"Scopri i servizi di depurazione trattamento acque di Sostelia. Progettazione, gestione e manutenzione di impianti per una gestione sostenibile delle acque.","breadcrumb":{"@id":"https:\/\/www.sostelia.com\/es\/servicios\/#breadcrumb"},"inLanguage":"es","potentialAction":[{"@type":"ReadAction","target":["https:\/\/www.sostelia.com\/es\/servicios\/"]}]},{"@type":"BreadcrumbList","@id":"https:\/\/www.sostelia.com\/es\/servicios\/#breadcrumb","itemListElement":[{"@type":"ListItem","position":1,"name":"Home","item":"https:\/\/www.sostelia.com\/es\/"},{"@type":"ListItem","position":2,"name":"Servicios"}]},{"@type":"WebSite","@id":"https:\/\/www.sostelia.com\/es\/#website","url":"https:\/\/www.sostelia.com\/es\/","name":"Sostelia","description":"","publisher":{"@id":"https:\/\/www.sostelia.com\/es\/#organization"},"potentialAction":[{"@type":"SearchAction","target":{"@type":"EntryPoint","urlTemplate":"https:\/\/www.sostelia.com\/es\/?s={search_term_string}"},"query-input":{"@type":"PropertyValueSpecification","valueRequired":true,"valueName":"search_term_string"}}],"inLanguage":"es"},{"@type":"Organization","@id":"https:\/\/www.sostelia.com\/es\/#organization","name":"Sostelia","url":"https:\/\/www.sostelia.com\/es\/","logo":{"@type":"ImageObject","inLanguage":"es","@id":"https:\/\/www.sostelia.com\/es\/#\/schema\/logo\/image\/","url":"https:\/\/www.sostelia.com\/es\/wp-content\/uploads\/sites\/3\/logo-sostelia-water-tech-group.jpg","contentUrl":"https:\/\/www.sostelia.com\/es\/wp-content\/uploads\/sites\/3\/logo-sostelia-water-tech-group.jpg","width":800,"height":800,"caption":"Sostelia"},"image":{"@id":"https:\/\/www.sostelia.com\/es\/#\/schema\/logo\/image\/"}}]}},"_links":{"self":[{"href":"https:\/\/www.sostelia.com\/es\/wp-json\/wp\/v2\/pages\/153","targetHints":{"allow":["GET"]}}],"collection":[{"href":"https:\/\/www.sostelia.com\/es\/wp-json\/wp\/v2\/pages"}],"about":[{"href":"https:\/\/www.sostelia.com\/es\/wp-json\/wp\/v2\/types\/page"}],"author":[{"embeddable":true,"href":"https:\/\/www.sostelia.com\/es\/wp-json\/wp\/v2\/users\/1"}],"replies":[{"embeddable":true,"href":"https:\/\/www.sostelia.com\/es\/wp-json\/wp\/v2\/comments?post=153"}],"version-history":[{"count":38,"href":"https:\/\/www.sostelia.com\/es\/wp-json\/wp\/v2\/pages\/153\/revisions"}],"predecessor-version":[{"id":1748,"href":"https:\/\/www.sostelia.com\/es\/wp-json\/wp\/v2\/pages\/153\/revisions\/1748"}],"wp:attachment":[{"href":"https:\/\/www.sostelia.com\/es\/wp-json\/wp\/v2\/media?parent=153"}],"curies":[{"name":"wp","href":"https:\/\/api.w.org\/{rel}","templated":true}]}}