{"id":419,"date":"2024-10-22T16:54:29","date_gmt":"2024-10-22T14:54:29","guid":{"rendered":"https:\/\/www.sostelia.com\/es\/?page_id=419"},"modified":"2026-04-16T10:36:20","modified_gmt":"2026-04-16T08:36:20","slug":"aplicaciones","status":"publish","type":"page","link":"https:\/\/www.sostelia.com\/es\/aplicaciones\/","title":{"rendered":"Aplicaciones"},"content":{"rendered":"\n\n\n\n\n<section class=\"hero-banner aligncenter pt-100\" data-block=\"block_04da79328193b03a2e547c6da44cd90e\">\n\n\n\t\n\t\t\t\t\n\t\t\n\n\t\t<img decoding=\"async\" src=\"https:\/\/www.sostelia.com\/es\/wp-content\/uploads\/sites\/3\/impianti-trattamento-acque-2.webp\" alt=\"impianti trattamento acque\" class=\"img-cover desktop\">\n\n\t\t\t\t\t<img decoding=\"async\" src=\"https:\/\/www.sostelia.com\/es\/wp-content\/uploads\/sites\/3\/impianti-trattamento-acque-2.webp\" alt=\"impianti trattamento acque\" class=\"img-cover mobile\">\n\t\t\n\t\n\n\t<div class=\"title-wrap pt-80 pb-100 plr-5 color-white\">\n\t\t<div class=\"col-wrap\">\n\t\t\t<div class=\"custom-breadcrumb uppercase color-white\" data-aos=\"fade-right\"><\/div>\n\n\t\t\t\t\t\t\t<h1 data-aos=\"fade-up\">Las tecnolog\u00edas y las instalaciones de Sostelia\n<\/h1>\n\t\t\t\n\t\t\t<div class=\"text fz-33 uppercase\" data-aos=\"fade-up\" data-aos-delay=\"300\">\n\t\t\t\t\n\t\t\t<\/div>\n\n\t\t<\/div>\n\n\n\t\t\n\t<\/div>\n\n\n\t\n\n\t\n\t\t\t<a href=\"#intro\" class=\"scroll-down\">\n\t\t\t<svg width=\"32\" height=\"48\" viewBox=\"0 0 32 48\" fill=\"none\" xmlns=\"http:\/\/www.w3.org\/2000\/svg\">\n<rect x=\"0.5\" y=\"0.5\" width=\"30.5\" height=\"47\" rx=\"15.25\" stroke=\"white\"\/>\n<path d=\"M15.75 6V21\" stroke=\"white\"\/>\n<\/svg>\n\n\t\t\t<div>\n\t\t\t\t\n\t\t\t<\/div>\n\t\t<\/a>\n\t\n\n\t\n\n<\/section>\n\n\n\n<section class=\"text-intro aligncenter plr-10 pt-100 pb-100\" id=\"intro\" data-block=\"block_83c356dd38af067391948e95c25dff90\">\n\n\t\t\t<div class=\"caption\">\n\t\t\t<div class=\"dot\"><\/div>\n\t\t\tAplicaciones\n\t\t<\/div>\n\t\n\t\t\t<h2 data-aos=\"fade-up\">Instalaciones para la <strong>depuraci\u00f3n del agua<\/strong> en contextos civiles e industriales.\n<\/h2>\n\t\n\n\t\n\t\t<div class=\"row-wrap  pt-50 flex-end\">\n\n\n\t\t\t\n\t\t\t\t\t\t\t<div class=\"text-wrap col-wrap\" data-aos=\"fade-up\">\n\n\t\t\t\t\t<p>Sostelia utiliza tecnolog\u00edas de \u00faltima generaci\u00f3n <strong>para la recuperaci\u00f3n de las aguas civiles e industriales<\/strong>, con reducci\u00f3n de costos y desperdicios.<\/p>\n<p>Nuestras <strong>instalaciones se realizan a medida<\/strong> para devolver al agua al ambiente, protegiendo los recursos h\u00eddricos y eliminando correctamente los efluentes de los procesos productivos, respetando plenamente las normativas.<\/p>\n\n\t\t\t\t\t\n\n\t\t\t\t<\/div>\n\t\t\t\n\t\t<\/div>\n\n\t\n\n\t\n\t\t\t\t\n\n\t\n\n<\/section>\n\n\n\n\n<section class=\"post-type-grid aligncenter plr-5 pb-100\" data-block=\"block_07d146f2a15f835482574871af1dbfff\">\n\n\t\n\t\t<a href=\"https:\/\/www.sostelia.com\/es\/aplicaciones\/tratamiento-aguas-primarias-y-de-proceso\/\" class=\"tease\" data-aos=\"fade-up\" data-aos-delay=\"50\">\n\n\t\t\t\t\t\t\t<div class=\"image-wrap\">\n\t\t\t\t\t<img decoding=\"async\" src=\"https:\/\/www.sostelia.com\/es\/wp-content\/uploads\/sites\/3\/impianti-trattamento-acque-primarie-e-di-processo-1080x0-c-default.webp\" alt=\"impianti trattamento acque primarie e di processo\" class=\"img-cover\">\n\t\t\t\t<\/div>\n\t\t\t\n\n\t\t\t<div class=\"title fz-33 fw-bold\">\n\t\t\t\tTratamiento aguas primarias y de proceso\n\t\t\t<\/div>\n\n\t\t<\/a>\n\n\t\n\t\t<a href=\"https:\/\/www.sostelia.com\/es\/aplicaciones\/tratamiento-aguas-residuales\/\" class=\"tease\" data-aos=\"fade-up\" data-aos-delay=\"100\">\n\n\t\t\t\t\t\t\t<div class=\"image-wrap\">\n\t\t\t\t\t<img decoding=\"async\" src=\"https:\/\/www.sostelia.com\/es\/wp-content\/uploads\/sites\/3\/impianto-trattamento-acque-reflue-1080x0-c-default.webp\" alt=\"impianto trattamento acque reflue\" class=\"img-cover\">\n\t\t\t\t<\/div>\n\t\t\t\n\n\t\t\t<div class=\"title fz-33 fw-bold\">\n\t\t\t\tTratamiento aguas residuales\n\t\t\t<\/div>\n\n\t\t<\/a>\n\n\t\n\t\t<a href=\"https:\/\/www.sostelia.com\/es\/aplicaciones\/instalaciones-con-descarga-cero-zld\/\" class=\"tease\" data-aos=\"fade-up\" data-aos-delay=\"150\">\n\n\t\t\t\t\t\t\t<div class=\"image-wrap\">\n\t\t\t\t\t<img decoding=\"async\" src=\"https:\/\/www.sostelia.com\/es\/wp-content\/uploads\/sites\/3\/impianto-scarico-zero-zld-1080x0-c-default.webp\" alt=\"impianto scarico zero zld\" class=\"img-cover\">\n\t\t\t\t<\/div>\n\t\t\t\n\n\t\t\t<div class=\"title fz-33 fw-bold\">\n\t\t\t\tInstalaciones con descarga cero (ZLD)\n\t\t\t<\/div>\n\n\t\t<\/a>\n\n\t\n\t\t<a href=\"https:\/\/www.sostelia.com\/es\/aplicaciones\/tratamiento-lodos\/\" class=\"tease\" data-aos=\"fade-up\" data-aos-delay=\"200\">\n\n\t\t\t\t\t\t\t<div class=\"image-wrap\">\n\t\t\t\t\t<img decoding=\"async\" src=\"https:\/\/www.sostelia.com\/es\/wp-content\/uploads\/sites\/3\/impianto-trattamento-fanghi-1-1080x0-c-default.webp\" alt=\"impianto trattamento fanghi\" class=\"img-cover\">\n\t\t\t\t<\/div>\n\t\t\t\n\n\t\t\t<div class=\"title fz-33 fw-bold\">\n\t\t\t\tTratamiento lodos\n\t\t\t<\/div>\n\n\t\t<\/a>\n\n\t\n\t\t<a href=\"https:\/\/www.sostelia.com\/es\/aplicaciones\/tratamiento-residuos-liquidos\/\" class=\"tease\" data-aos=\"fade-up\" data-aos-delay=\"250\">\n\n\t\t\t\t\t\t\t<div class=\"image-wrap\">\n\t\t\t\t\t<img decoding=\"async\" src=\"https:\/\/www.sostelia.com\/es\/wp-content\/uploads\/sites\/3\/impianto-trattamento-rifiuti-1080x0-c-default.webp\" alt=\"impianto trattamento rifiuti\" class=\"img-cover\">\n\t\t\t\t<\/div>\n\t\t\t\n\n\t\t\t<div class=\"title fz-33 fw-bold\">\n\t\t\t\tTratamiento residuos l\u00edquidos\n\t\t\t<\/div>\n\n\t\t<\/a>\n\n\t\n<\/section>\n\n\n\n\n<section class=\"secondary-cta aligncenter plr-10 pt-100 pb-100\" data-block=\"block_de5fd7802d6255e36856310d456cd13a\">\n\n\t\t\t<h2 class=\"uppercase h1\" data-aos=\"fade-up\">Los <strong>servicios<\/strong> ofrecidos<br \/>\npor Sostelia.\n<\/h2>\n\t\n\t<a href=\"https:\/\/www.sostelia.com\/es\/servicios\/\" title=\"Servizi Depurazione e Trattamento Acque\" class=\"btn p-btn\" data-aos=\"fade-up\"><\/a>\n\n\t\n<\/section>\n\n\n\n\t\n\t\n\t\n\t\n\t\n\n\n<section class=\"cta aligncenter plr-10 pt-100 pb-100 color-white\" data-block=\"block_558bd877197f92d809b9e177b9f4b494\">\n\n\t\t\t<h2 class=\"uppercase\" data-aos=\"fade-up\">\u00bfQuieres recibir m\u00e1s informaci\u00f3n sobre las <strong>instalaciones de tratamiento de aguas<\/strong> ofrecidos por Sostelia?\n<\/h2>\n\t\n\t<div class=\"btn-wrap\" data-aos=\"fade-up\">\n\n\t\t\t\t\t<a href=\"https:\/\/www.sostelia.com\/es\/contacto\/\" title=\"Contatti Gruppo Sostelia\" class=\"btn-expand\">Cont\u00e1ctanos<\/a>\n\n\t\t\n\t<\/div>\n\n\n<\/section>\n","protected":false},"excerpt":{"rendered":"","protected":false},"author":1,"featured_media":0,"parent":0,"menu_order":0,"comment_status":"closed","ping_status":"closed","template":"","meta":{"_acf_changed":false,"inline_featured_image":false,"footnotes":""},"class_list":["post-419","page","type-page","status-publish","hentry"],"acf":[],"yoast_head":"<!-- This site is optimized with the Yoast SEO plugin v24.4 - https:\/\/yoast.com\/wordpress\/plugins\/seo\/ -->\n<title>Impianti Trattamento Acque | Tecnologie per la Depurazione Acque<\/title>\n<meta name=\"description\" content=\"Scopri gli impianti trattamento acque di Sostelia. Tecnologie avanzate per depurazione, recupero e smaltimento sostenibile delle acque reflue.\" \/>\n<meta name=\"robots\" content=\"noindex, follow, max-snippet:-1, max-image-preview:large, max-video-preview:-1\" \/>\n<meta property=\"og:locale\" content=\"es_ES\" \/>\n<meta property=\"og:type\" content=\"article\" \/>\n<meta property=\"og:title\" content=\"Impianti Trattamento Acque | Tecnologie per la Depurazione Acque\" \/>\n<meta property=\"og:description\" content=\"Scopri gli impianti trattamento acque di Sostelia. Tecnologie avanzate per depurazione, recupero e smaltimento sostenibile delle acque reflue.\" \/>\n<meta property=\"og:url\" content=\"https:\/\/www.sostelia.com\/es\/aplicaciones\/\" \/>\n<meta property=\"og:site_name\" content=\"Sostelia ES\" \/>\n<meta property=\"article:modified_time\" content=\"2026-04-16T08:36:20+00:00\" \/>\n<meta property=\"og:image\" content=\"https:\/\/www.sostelia.com\/es\/wp-content\/uploads\/sites\/3\/sostenibilita-desktop.webp\" \/>\n\t<meta property=\"og:image:width\" content=\"2556\" \/>\n\t<meta property=\"og:image:height\" content=\"1438\" \/>\n\t<meta property=\"og:image:type\" content=\"image\/webp\" \/>\n<meta name=\"twitter:card\" content=\"summary_large_image\" \/>\n<script type=\"application\/ld+json\" class=\"yoast-schema-graph\">{\"@context\":\"https:\/\/schema.org\",\"@graph\":[{\"@type\":\"WebPage\",\"@id\":\"https:\/\/www.sostelia.com\/es\/aplicaciones\/\",\"url\":\"https:\/\/www.sostelia.com\/es\/aplicaciones\/\",\"name\":\"Impianti Trattamento Acque | Tecnologie per la Depurazione Acque\",\"isPartOf\":{\"@id\":\"https:\/\/www.sostelia.com\/es\/#website\"},\"datePublished\":\"2024-10-22T14:54:29+00:00\",\"dateModified\":\"2026-04-16T08:36:20+00:00\",\"description\":\"Scopri gli impianti trattamento acque di Sostelia. Tecnologie avanzate per depurazione, recupero e smaltimento sostenibile delle acque reflue.\",\"breadcrumb\":{\"@id\":\"https:\/\/www.sostelia.com\/es\/aplicaciones\/#breadcrumb\"},\"inLanguage\":\"es\",\"potentialAction\":[{\"@type\":\"ReadAction\",\"target\":[\"https:\/\/www.sostelia.com\/es\/aplicaciones\/\"]}]},{\"@type\":\"BreadcrumbList\",\"@id\":\"https:\/\/www.sostelia.com\/es\/aplicaciones\/#breadcrumb\",\"itemListElement\":[{\"@type\":\"ListItem\",\"position\":1,\"name\":\"Home\",\"item\":\"https:\/\/www.sostelia.com\/es\/\"},{\"@type\":\"ListItem\",\"position\":2,\"name\":\"Aplicaciones\"}]},{\"@type\":\"WebSite\",\"@id\":\"https:\/\/www.sostelia.com\/es\/#website\",\"url\":\"https:\/\/www.sostelia.com\/es\/\",\"name\":\"Sostelia\",\"description\":\"\",\"publisher\":{\"@id\":\"https:\/\/www.sostelia.com\/es\/#organization\"},\"potentialAction\":[{\"@type\":\"SearchAction\",\"target\":{\"@type\":\"EntryPoint\",\"urlTemplate\":\"https:\/\/www.sostelia.com\/es\/?s={search_term_string}\"},\"query-input\":{\"@type\":\"PropertyValueSpecification\",\"valueRequired\":true,\"valueName\":\"search_term_string\"}}],\"inLanguage\":\"es\"},{\"@type\":\"Organization\",\"@id\":\"https:\/\/www.sostelia.com\/es\/#organization\",\"name\":\"Sostelia\",\"url\":\"https:\/\/www.sostelia.com\/es\/\",\"logo\":{\"@type\":\"ImageObject\",\"inLanguage\":\"es\",\"@id\":\"https:\/\/www.sostelia.com\/es\/#\/schema\/logo\/image\/\",\"url\":\"https:\/\/www.sostelia.com\/es\/wp-content\/uploads\/sites\/3\/logo-sostelia-water-tech-group.jpg\",\"contentUrl\":\"https:\/\/www.sostelia.com\/es\/wp-content\/uploads\/sites\/3\/logo-sostelia-water-tech-group.jpg\",\"width\":800,\"height\":800,\"caption\":\"Sostelia\"},\"image\":{\"@id\":\"https:\/\/www.sostelia.com\/es\/#\/schema\/logo\/image\/\"}}]}<\/script>\n<!-- \/ Yoast SEO plugin. -->","yoast_head_json":{"title":"Impianti Trattamento Acque | Tecnologie per la Depurazione Acque","description":"Scopri gli impianti trattamento acque di Sostelia. Tecnologie avanzate per depurazione, recupero e smaltimento sostenibile delle acque reflue.","robots":{"index":"noindex","follow":"follow","max-snippet":"max-snippet:-1","max-image-preview":"max-image-preview:large","max-video-preview":"max-video-preview:-1"},"og_locale":"es_ES","og_type":"article","og_title":"Impianti Trattamento Acque | Tecnologie per la Depurazione Acque","og_description":"Scopri gli impianti trattamento acque di Sostelia. Tecnologie avanzate per depurazione, recupero e smaltimento sostenibile delle acque reflue.","og_url":"https:\/\/www.sostelia.com\/es\/aplicaciones\/","og_site_name":"Sostelia ES","article_modified_time":"2026-04-16T08:36:20+00:00","og_image":[{"width":2556,"height":1438,"url":"https:\/\/www.sostelia.com\/es\/wp-content\/uploads\/sites\/3\/sostenibilita-desktop.webp","type":"image\/webp"}],"twitter_card":"summary_large_image","schema":{"@context":"https:\/\/schema.org","@graph":[{"@type":"WebPage","@id":"https:\/\/www.sostelia.com\/es\/aplicaciones\/","url":"https:\/\/www.sostelia.com\/es\/aplicaciones\/","name":"Impianti Trattamento Acque | Tecnologie per la Depurazione Acque","isPartOf":{"@id":"https:\/\/www.sostelia.com\/es\/#website"},"datePublished":"2024-10-22T14:54:29+00:00","dateModified":"2026-04-16T08:36:20+00:00","description":"Scopri gli impianti trattamento acque di Sostelia. Tecnologie avanzate per depurazione, recupero e smaltimento sostenibile delle acque reflue.","breadcrumb":{"@id":"https:\/\/www.sostelia.com\/es\/aplicaciones\/#breadcrumb"},"inLanguage":"es","potentialAction":[{"@type":"ReadAction","target":["https:\/\/www.sostelia.com\/es\/aplicaciones\/"]}]},{"@type":"BreadcrumbList","@id":"https:\/\/www.sostelia.com\/es\/aplicaciones\/#breadcrumb","itemListElement":[{"@type":"ListItem","position":1,"name":"Home","item":"https:\/\/www.sostelia.com\/es\/"},{"@type":"ListItem","position":2,"name":"Aplicaciones"}]},{"@type":"WebSite","@id":"https:\/\/www.sostelia.com\/es\/#website","url":"https:\/\/www.sostelia.com\/es\/","name":"Sostelia","description":"","publisher":{"@id":"https:\/\/www.sostelia.com\/es\/#organization"},"potentialAction":[{"@type":"SearchAction","target":{"@type":"EntryPoint","urlTemplate":"https:\/\/www.sostelia.com\/es\/?s={search_term_string}"},"query-input":{"@type":"PropertyValueSpecification","valueRequired":true,"valueName":"search_term_string"}}],"inLanguage":"es"},{"@type":"Organization","@id":"https:\/\/www.sostelia.com\/es\/#organization","name":"Sostelia","url":"https:\/\/www.sostelia.com\/es\/","logo":{"@type":"ImageObject","inLanguage":"es","@id":"https:\/\/www.sostelia.com\/es\/#\/schema\/logo\/image\/","url":"https:\/\/www.sostelia.com\/es\/wp-content\/uploads\/sites\/3\/logo-sostelia-water-tech-group.jpg","contentUrl":"https:\/\/www.sostelia.com\/es\/wp-content\/uploads\/sites\/3\/logo-sostelia-water-tech-group.jpg","width":800,"height":800,"caption":"Sostelia"},"image":{"@id":"https:\/\/www.sostelia.com\/es\/#\/schema\/logo\/image\/"}}]}},"_links":{"self":[{"href":"https:\/\/www.sostelia.com\/es\/wp-json\/wp\/v2\/pages\/419","targetHints":{"allow":["GET"]}}],"collection":[{"href":"https:\/\/www.sostelia.com\/es\/wp-json\/wp\/v2\/pages"}],"about":[{"href":"https:\/\/www.sostelia.com\/es\/wp-json\/wp\/v2\/types\/page"}],"author":[{"embeddable":true,"href":"https:\/\/www.sostelia.com\/es\/wp-json\/wp\/v2\/users\/1"}],"replies":[{"embeddable":true,"href":"https:\/\/www.sostelia.com\/es\/wp-json\/wp\/v2\/comments?post=419"}],"version-history":[{"count":35,"href":"https:\/\/www.sostelia.com\/es\/wp-json\/wp\/v2\/pages\/419\/revisions"}],"predecessor-version":[{"id":1732,"href":"https:\/\/www.sostelia.com\/es\/wp-json\/wp\/v2\/pages\/419\/revisions\/1732"}],"wp:attachment":[{"href":"https:\/\/www.sostelia.com\/es\/wp-json\/wp\/v2\/media?parent=419"}],"curies":[{"name":"wp","href":"https:\/\/api.w.org\/{rel}","templated":true}]}}