{"id":50,"date":"2024-09-24T14:27:52","date_gmt":"2024-09-24T12:27:52","guid":{"rendered":"https:\/\/www.sostelia.com\/es\/?page_id=50"},"modified":"2026-04-16T10:18:57","modified_gmt":"2026-04-16T08:18:57","slug":"el-grupo","status":"publish","type":"page","link":"https:\/\/www.sostelia.com\/es\/el-grupo\/","title":{"rendered":"El Grupo"},"content":{"rendered":"\n\n\n\n\n<section class=\"hero-banner aligncenter pt-100 no-overlay\" data-block=\"block_bc7a31f3399c6928b6ee2121cfc74bdd\">\n\n\n\t\n\t\t\t\t\n\t\t\n\n\t\t<img decoding=\"async\" src=\"https:\/\/www.sostelia.com\/es\/wp-content\/uploads\/sites\/3\/gruppo-desktop.webp\" alt=\"mano bambino e adulto con acqua: campagna sostelia\" class=\"img-cover desktop\">\n\n\t\t\t\t\t<img decoding=\"async\" src=\"https:\/\/www.sostelia.com\/es\/wp-content\/uploads\/sites\/3\/gruppo-mobile.webp\" alt=\"mano bambino e adulto con acqua: campagna sostelia\" class=\"img-cover mobile\">\n\t\t\n\t\n\n\t<div class=\"title-wrap pt-80 pb-100 plr-5 color-white\">\n\t\t<div class=\"col-wrap\">\n\t\t\t<div class=\"custom-breadcrumb uppercase color-white\" data-aos=\"fade-right\"><\/div>\n\n\t\t\t\t\t\t\t<h1 data-aos=\"fade-up\"><\/h1>\n\t\t\t\n\t\t\t<div class=\"text fz-33 uppercase\" data-aos=\"fade-up\" data-aos-delay=\"300\">\n\t\t\t\t<p>Inteligencias, tecnolog\u00edas, competencias.<br \/>\nEn perfecto equilibrio.<\/p>\n\n\t\t\t<\/div>\n\n\t\t<\/div>\n\n\n\t\t\n\t<\/div>\n\n\n\t\n\n\t\n\t\t\t<a href=\"#intro\" class=\"scroll-down\">\n\t\t\t<svg width=\"32\" height=\"48\" viewBox=\"0 0 32 48\" fill=\"none\" xmlns=\"http:\/\/www.w3.org\/2000\/svg\">\n<rect x=\"0.5\" y=\"0.5\" width=\"30.5\" height=\"47\" rx=\"15.25\" stroke=\"white\"\/>\n<path d=\"M15.75 6V21\" stroke=\"white\"\/>\n<\/svg>\n\n\t\t\t<div>\n\t\t\t\t\n\t\t\t<\/div>\n\t\t<\/a>\n\t\n\n\t\n\n<\/section>\n\n\n\n<section class=\"text-intro aligncenter plr-10 pt-100 pb-100\" id=\"intro\" data-block=\"block_9f86ef33a015f976bc7ca4ae5f253faf\">\n\n\t\t\t<div class=\"caption\">\n\t\t\t<div class=\"dot\"><\/div>\n\t\t\tQU\u00c9 HACEMOS\n\t\t<\/div>\n\t\n\t\t\t<h2 data-aos=\"fade-up\">Dise\u00f1amos y realizamos <strong>instalaciones de tratamiento de aguas industriales y civiles<\/strong>, para devolver al agua a su ambiente natural.\n<\/h2>\n\t\n\n\t\n\t\t<div class=\"row-wrap  pt-50\">\n\n\n\t\t\t\t\t\t\t<div class=\"subtitle-wrap col-wrap fz-25 fw-bold\" data-aos=\"fade-up\">\n\t\t\t\t\t<p>Sostelia es el <strong>principal actor italiano privado para las tecnolog\u00edas y el tratamiento de las aguas industriales y civiles<\/strong>. Trabajamos para proteger un recurso precioso como el agua, recuper\u00e1ndola y reintroduci\u00e9ndola en el circuito productivo, contribuyendo, concretamente, a los objetivos de una econom\u00eda circular.<\/p>\n<p>&nbsp;<\/p>\n\n\t\t\t\t<\/div>\n\t\t\t\n\t\t\t\t\t\t\t<div class=\"text-wrap col-wrap\" data-aos=\"fade-up\">\n\n\t\t\t\t\t<p>El Grupo est\u00e1 formado por ocho empresas con una experiencia de varias d\u00e9cadas en el sector, activas en el suministro de <strong>instalaciones para el tratamiento de las aguas, la eliminaci\u00f3n de residuos especiales y las rehabilitaciones medioambientales<\/strong>.<\/p>\n<p>Cada instalaci\u00f3n ofrecida por la sociedad del Grupo Sostelia ha sido dise\u00f1ada para <strong>recuperar el agua<\/strong> a trav\u00e9s de tecnolog\u00edas tan innovadoras que permiten la <strong>reutilizaci\u00f3n<\/strong> del recurso en todo su ciclo, o la descarga de los efluentes respetando plenamente la normativa vigente.<\/p>\n<p>Cada intervenci\u00f3n es realizada a medida del \u00e1mbito de aplicaci\u00f3n espec\u00edfico, teniendo en cuenta las peculiaridades t\u00e9cnicas y las exigencias de cada cliente. De esta manera, aplicamos las tecnolog\u00edas m\u00e1s adecuadas para garantizar <strong>la eficiencia del sistema, optimizando los costos de operaci\u00f3n y reduciendo<\/strong> <strong>los desperdicios h\u00eddricos<\/strong>.<\/p>\n<p>&nbsp;<\/p>\n\n\t\t\t\t\t\n\n\t\t\t\t<\/div>\n\t\t\t\n\t\t<\/div>\n\n\t\n\n\t\n\t\t\t\t\n\n\t\n\n<\/section>\n\n\n\n\n<section class=\"banner aligncenter spagna\" data-block=\"block_96ad9c3d53a89ca04bfbdc482ee1d01c\">\n\n\n\t<div class=\"base-wrap layer-wrap\">\n\n\t\t<div class=\"text-wrap\">\n\t\t\t<div class=\"text\">La sostenibilidad es un desaf\u00edo <\/div>\n\t\t\t<div class=\"text\">demasiado grande para afrontar solos.<\/div>\n\t\t<\/div>\n\n\t<\/div>\n\n\t<div class=\"mask-wrap layer-wrap clip\" style=\"background-image: url(https:\/\/www.sostelia.com\/es\/wp-content\/uploads\/sites\/3\/banner-il-gruppo.webp);\">\n\n\t\t<svg width=\"103\" height=\"152\" viewBox=\"0 0 103 152\" fill=\"none\" xmlns=\"http:\/\/www.w3.org\/2000\/svg\">\n<path d=\"M98.0409 48.7851C100.975 43.5362 102.332 38.021 102.321 32.6655C102.321 14.9489 87.5541 0.59668 69.3499 0.59668C51.1458 0.59668 36.3789 14.9595 36.3789 32.6655C36.3789 38.021 37.7253 43.5362 40.659 48.7851C44.3042 55.2905 49.3287 61.125 54.0904 66.9809C61.1838 75.7008 69.1529 83.7819 75.7756 92.8106C85.2881 105.768 86.8316 119.673 81.0628 133.94H98.9604C101.708 125.731 103.043 117.299 101.905 108.504C100.055 94.216 92.6771 82.5682 83.2302 71.9957C78.7421 66.9809 73.9475 62.211 69.3499 57.2921H92.3706C94.4395 54.5558 96.388 51.745 98.0409 48.7851ZM84.2592 32.6762C84.2592 34.1455 84.0183 35.6467 83.4819 37.1586C81.6977 42.1627 78.4247 46.9006 74.9327 51.0423C73.1375 53.1717 71.2546 55.2479 69.3499 57.2921C67.4452 55.2479 65.5624 53.1824 63.7672 51.0423C60.2752 46.9006 57.0022 42.1627 55.2179 37.1586C54.6815 35.6467 54.4298 34.1348 54.4407 32.6762C54.4407 24.659 61.1181 18.1643 69.3609 18.1643C77.6037 18.1643 84.2811 24.659 84.2811 32.6762H84.2592Z\" fill=\"white\"\/>\n<path d=\"M4.99502 103.309C2.06134 108.558 0.703963 114.073 0.714909 119.428C0.714909 137.145 15.4818 151.497 33.686 151.497C51.8901 151.497 66.6571 137.134 66.6571 119.428C66.6571 114.073 65.3106 108.558 62.3769 103.309C58.7317 96.8032 53.7073 90.9687 48.9455 85.1128C41.8521 76.3929 33.883 68.3118 27.2603 59.2831C17.7478 46.3257 16.2043 32.4207 21.9731 18.1536H4.07551C1.32792 26.3625 -0.00755894 34.7949 1.13088 43.5894C2.98086 57.8777 10.3588 69.5255 19.8057 80.098C24.2938 85.1128 29.0884 89.8827 33.686 94.8016H10.6653C8.59645 97.5379 6.64796 100.349 4.99502 103.309ZM18.7768 119.418C18.7768 117.948 19.0176 116.447 19.554 114.935C21.3383 109.931 24.6113 105.193 28.1032 101.051C29.8985 98.922 31.7813 96.8458 33.686 94.8016C35.5907 96.8458 37.4735 98.9113 39.2687 101.051C42.7607 105.193 46.0337 109.931 47.818 114.935C48.3544 116.447 48.6062 117.959 48.5952 119.418C48.5952 127.435 41.9178 133.929 33.675 133.929C25.4323 133.929 18.7549 127.435 18.7549 119.418H18.7768Z\" fill=\"white\"\/>\n<\/svg>\n\n\n\t\t<div class=\"text-wrap\">\n\t\t\t<div class=\"text\">La sostenibilidad es un desaf\u00edo <\/div>\n\t\t\t<div class=\"text\">demasiado grande para afrontar solos.<\/div>\n\t\t<\/div>\n\n\t<\/div>\n\n\n<\/section>\n\n\n\n<section class=\"valori aligncenter pt-100 pb-100 plr-10\" data-block=\"block_6bc5a3ad288bd6032e7c291822e5cc8d\">\n\n\t<div class=\"text-wrap\" data-aos=\"fade-up\">\n\t\t<div class=\"title h2\">Nuestros valores\n<\/div>\n\t<\/div>\n\n\t<div class=\"list-wrap\">\n\t\t\t\t\t<div class=\"valore\" data-aos=\"fade-up\">\n\n\t\t\t\t\t\t\t\t\t<h4 class=\"fz-38 fw-bold\">Innovaci\u00f3n tecnol\u00f3gica\n<\/h4>\n\t\t\t\t\n\t\t\t\t\t\t\t\t\t<div class=\"text\"><p>La investigaci\u00f3n, la innovaci\u00f3n y las competencias est\u00e1n presentes en todo lo que hacemos. Utilizamos tecnolog\u00edas vanguardistas e instrumentos eficaces para suministrar <strong>instalaciones con un gran rendimiento<\/strong>.<\/p>\n<\/div>\n\t\t\t\t\n\t\t\t\t\n\n\t\t\t<\/div>\n\t\t\t\t\t<div class=\"valore\" data-aos=\"fade-up\">\n\n\t\t\t\t\t\t\t\t\t<h4 class=\"fz-38 fw-bold\">Responsabilidad medioambiental\n<\/h4>\n\t\t\t\t\n\t\t\t\t\t\t\t\t\t<div class=\"text\"><p>Dise\u00f1amos y construimos instalaciones evolucionadas para el <strong>tratamiento de las aguas<\/strong> industriales y civiles, realizamos <strong>rehabilitaciones medioambientales<\/strong>, trabajamos para devolver un recurso de importancia primordial como el agua a su destino natural.<\/p>\n<\/div>\n\t\t\t\t\n\t\t\t\t\n\n\t\t\t<\/div>\n\t\t\t\t\t<div class=\"valore\" data-aos=\"fade-up\">\n\n\t\t\t\t\t\t\t\t\t<h4 class=\"fz-38 fw-bold\">Orientados a la soluci\u00f3n\n<\/h4>\n\t\t\t\t\n\t\t\t\t\t\t\t\t\t<div class=\"text\"><p><strong>Sostelia re\u00fane las capacidades t\u00e9cnicas de todas las empresas<\/strong>. La experiencia de cada empresa refuerza y valoriza el trabajo y las competencias del Grupo, haciendo de \u00e9ste un punto de referencia unitario, vers\u00e1til y fiable.<\/p>\n<\/div>\n\t\t\t\t\n\t\t\t\t\n\n\t\t\t<\/div>\n\t\t\t\t\t<div class=\"valore\" data-aos=\"fade-up\">\n\n\t\t\t\t\t\t\t\t\t<h4 class=\"fz-38 fw-bold\">Servicios especializados\n<\/h4>\n\t\t\t\t\n\t\t\t\t\t\t\t\t\t<div class=\"text\"><p>En Sostelia proponemos un <strong>amplio abanico de servicios a medida<\/strong>, calibrados cada vez en funci\u00f3n de las exigencias del cliente y del contexto de aplicaci\u00f3n.<\/p>\n<\/div>\n\t\t\t\t\n\t\t\t\t\n\n\t\t\t<\/div>\n\t\t\t<\/div>\n\n<\/section>\n\n\n\n\n<section class=\"autoscroll-carousel aligncenter splide pt-100 pb-100\" data-block=\"block_a204ba8e30b29ad33c9860bc1a9964a8\">\n\n\n\t<h2 data-aos=\"fade-up\"><strong>Certificaciones <\/strong>y <strong>certificados<\/strong><br \/>\nde Sostelia.\n<\/h2>\n\n\n\t<div class=\"splide__track\">\n\t\t<div class=\"splide__list\">\n\t\t\t\n\t\t\t\t<div class=\"splide__slide\">\n\n\t\t\t\t\t<div class=\"image-wrap\">\n\t\t\t\t\t\t<img decoding=\"async\" src=\"https:\/\/www.sostelia.com\/es\/wp-content\/uploads\/sites\/3\/certificazione-afaq-qhse.webp\" alt=\"certificazione afaq qhse\">\n\t\t\t\t\t<\/div>\n\n\t\t\t\t\t<div class=\"text-wrap\">\n\n\t\t\t\t\t\t<p><strong>ISO 9001:2015 <\/strong><\/p>\n<p>Sistema de Gesti\u00f3n para la Calidad<\/p>\n\n\n\t\t\t\t\t<\/div>\n\n\t\t\t\t<\/div>\n\n\t\t\t\n\t\t\t\t<div class=\"splide__slide\">\n\n\t\t\t\t\t<div class=\"image-wrap\">\n\t\t\t\t\t\t<img decoding=\"async\" src=\"https:\/\/www.sostelia.com\/es\/wp-content\/uploads\/sites\/3\/certificazione-afaq-qhse.webp\" alt=\"certificazione afaq qhse\">\n\t\t\t\t\t<\/div>\n\n\t\t\t\t\t<div class=\"text-wrap\">\n\n\t\t\t\t\t\t<p><strong>ISO 14001:2015 <\/strong><\/p>\n<p>Sistema de Gesti\u00f3n Medioambiental<\/p>\n\n\n\t\t\t\t\t<\/div>\n\n\t\t\t\t<\/div>\n\n\t\t\t\n\t\t\t\t<div class=\"splide__slide\">\n\n\t\t\t\t\t<div class=\"image-wrap\">\n\t\t\t\t\t\t<img decoding=\"async\" src=\"https:\/\/www.sostelia.com\/es\/wp-content\/uploads\/sites\/3\/certificazione-afaq-qhse.webp\" alt=\"certificazione afaq qhse\">\n\t\t\t\t\t<\/div>\n\n\t\t\t\t\t<div class=\"text-wrap\">\n\n\t\t\t\t\t\t<p><strong>ISO 45001:2018<\/strong><\/p>\n<p>Sistema de Gesti\u00f3n para la Salud y Seguridad en el Trabajo<\/p>\n\n\n\t\t\t\t\t<\/div>\n\n\t\t\t\t<\/div>\n\n\t\t\t\n\t\t\t\t<div class=\"splide__slide\">\n\n\t\t\t\t\t<div class=\"image-wrap\">\n\t\t\t\t\t\t<img decoding=\"async\" src=\"https:\/\/www.sostelia.com\/es\/wp-content\/uploads\/sites\/3\/certificazione-ISO-3834-2.webp\" alt=\"certificazione ISO 3834 2\">\n\t\t\t\t\t<\/div>\n\n\t\t\t\t\t<div class=\"text-wrap\">\n\n\t\t\t\t\t\t<p><strong>ISO 3834-2:2021 <\/strong><\/p>\n<p>Requisitos de calidad para la soldadura<\/p>\n\n\n\t\t\t\t\t<\/div>\n\n\t\t\t\t<\/div>\n\n\t\t\t\n\t\t\t\t<div class=\"splide__slide\">\n\n\t\t\t\t\t<div class=\"image-wrap\">\n\t\t\t\t\t\t<img decoding=\"async\" src=\"https:\/\/www.sostelia.com\/es\/wp-content\/uploads\/sites\/3\/certificazioni-UNI-PdR-1252022.webp\" alt=\"certificazioni UNI PdR 1252022\">\n\t\t\t\t\t<\/div>\n\n\t\t\t\t\t<div class=\"text-wrap\">\n\n\t\t\t\t\t\t<p><strong>UNI PdR 125:2022 <\/strong><\/p>\n<p>Sistema de gesti\u00f3n para la igualdad de g\u00e9nero<\/p>\n\n\n\t\t\t\t\t<\/div>\n\n\t\t\t\t<\/div>\n\n\t\t\t\n\t\t\t\t<div class=\"splide__slide\">\n\n\t\t\t\t\t<div class=\"image-wrap\">\n\t\t\t\t\t\t<img decoding=\"async\" src=\"https:\/\/www.sostelia.com\/es\/wp-content\/uploads\/sites\/3\/certificazioni-SA-8000.webp\" alt=\"certificazioni SA 8000\">\n\t\t\t\t\t<\/div>\n\n\t\t\t\t\t<div class=\"text-wrap\">\n\n\t\t\t\t\t\t<p><strong>SA 8000 <\/strong><\/p>\n<p>Responsabilidad Social de las Empresas<\/p>\n\n\n\t\t\t\t\t<\/div>\n\n\t\t\t\t<\/div>\n\n\t\t\t\n\t\t\t\t<div class=\"splide__slide\">\n\n\t\t\t\t\t<div class=\"image-wrap\">\n\t\t\t\t\t\t<img decoding=\"async\" src=\"https:\/\/www.sostelia.com\/es\/wp-content\/uploads\/sites\/3\/attestazione-esna-soa.webp\" alt=\"attestazione esna soa\">\n\t\t\t\t\t<\/div>\n\n\t\t\t\t\t<div class=\"text-wrap\">\n\n\t\t\t\t\t\t<p><strong>SOA <\/strong><\/p>\n<p>Certificado de cualificaci\u00f3n para la ejecuci\u00f3n de obras p\u00fablicas<\/p>\n\n\n\t\t\t\t\t<\/div>\n\n\t\t\t\t<\/div>\n\n\t\t\t\n\t\t\t\t<div class=\"splide__slide\">\n\n\t\t\t\t\t<div class=\"image-wrap\">\n\t\t\t\t\t\t<img decoding=\"async\" src=\"https:\/\/www.sostelia.com\/es\/wp-content\/uploads\/sites\/3\/albo-nazionale-gestori-ambientali.webp\" alt=\"albo nazionale gestori ambientali\">\n\t\t\t\t\t<\/div>\n\n\t\t\t\t\t<div class=\"text-wrap\">\n\n\t\t\t\t\t\t<p><strong>ANGA<\/strong><\/p>\n<p>Registro Nacional de Gestores Medioambientales (con inscripciones en las secciones regionales de Piamonte y Lombard\u00eda) &#8211; Registro de las empresas autorizadas para la gesti\u00f3n de los residuos<\/p>\n\n\n\t\t\t\t\t<\/div>\n\n\t\t\t\t<\/div>\n\n\t\t\t\n\t\t\t\t<div class=\"splide__slide\">\n\n\t\t\t\t\t<div class=\"image-wrap\">\n\t\t\t\t\t\t<img decoding=\"async\" src=\"https:\/\/www.sostelia.com\/es\/wp-content\/uploads\/sites\/3\/autorita-garante-della-concorrenza-e-del-mercato.webp\" alt=\"autorit\u00e0 garante della concorrenza e del mercato\">\n\t\t\t\t\t<\/div>\n\n\t\t\t\t\t<div class=\"text-wrap\">\n\n\t\t\t\t\t\t<p><strong>\u00cdndice de Legalidad<\/strong><\/p>\n<p>Indicador sint\u00e9tico del respeto de est\u00e1ndares elevados de legalidad expedido por la Autoridad Garante de la Competencia y del Mercado<\/p>\n\n\n\t\t\t\t\t<\/div>\n\n\t\t\t\t<\/div>\n\n\t\t\t\n\t\t\t\t<div class=\"splide__slide\">\n\n\t\t\t\t\t<div class=\"image-wrap\">\n\t\t\t\t\t\t<img decoding=\"async\" src=\"https:\/\/www.sostelia.com\/es\/wp-content\/uploads\/sites\/3\/white-list.webp\" alt=\"white list\">\n\t\t\t\t\t<\/div>\n\n\t\t\t\t\t<div class=\"text-wrap\">\n\n\t\t\t\t\t\t<p><strong>Lista Blanca<\/strong><\/p>\n<p>Lista de los proveedores, prestadores de servicios y ejecutores no sujetos a intento de infiltraci\u00f3n de la mafia en las Prefecturas<\/p>\n\n\n\t\t\t\t\t<\/div>\n\n\t\t\t\t<\/div>\n\n\t\t\t\n\t\t\t\t<div class=\"splide__slide\">\n\n\t\t\t\t\t<div class=\"image-wrap\">\n\t\t\t\t\t\t<img decoding=\"async\" src=\"https:\/\/www.sostelia.com\/es\/wp-content\/uploads\/sites\/3\/ecovadis.webp\" alt=\"ecovadis\">\n\t\t\t\t\t<\/div>\n\n\t\t\t\t\t<div class=\"text-wrap\">\n\n\t\t\t\t\t\t<p><strong>ECOVADIS<\/strong><\/p>\n<p>Evaluaci\u00f3n detallada de las prestaciones de sostenibilidad en las pr\u00e1cticas laborales y derechos humanos, en pol\u00edticas de contrataci\u00f3n sostenibles, en el comportamiento \u00e9tico y en el impacto medioambiental<\/p>\n\n\n\t\t\t\t\t<\/div>\n\n\t\t\t\t<\/div>\n\n\t\t\t\t\t<\/div>\n\t<\/div>\n\n\t<div class=\"splide__arrows splide__arrows--ltr\">\n\t\t<button class=\"splide__arrow splide__arrow--prev\" type=\"button\" aria-label=\"Previous slide\" aria-controls=\"splide01-track\">\n\t\t\t<svg width=\"58\" height=\"58\" viewBox=\"0 0 58 58\" fill=\"none\" xmlns=\"http:\/\/www.w3.org\/2000\/svg\">\n<path d=\"M18.2929 28.3117C17.9024 28.7022 17.9024 29.3354 18.2929 29.7259L24.6569 36.0899C25.0474 36.4804 25.6805 36.4804 26.0711 36.0899C26.4616 35.6993 26.4616 35.0662 26.0711 34.6757L20.4142 29.0188L26.0711 23.3619C26.4616 22.9714 26.4616 22.3383 26.0711 21.9477C25.6805 21.5572 25.0474 21.5572 24.6569 21.9477L18.2929 28.3117ZM39 28.0188L19 28.0188L19 30.0188L39 30.0188L39 28.0188Z\" fill=\"#002B49\"\/>\n<path d=\"M57.5 29.0188C57.5 44.3026 44.7534 56.7163 29 56.7163C13.2466 56.7163 0.5 44.3026 0.5 29.0188C0.5 13.735 13.2466 1.32129 29 1.32129C44.7534 1.32129 57.5 13.735 57.5 29.0188Z\" stroke=\"#002B49\"\/>\n<\/svg>\n\n\t\t<\/button>\n\t\t<button class=\"splide__arrow splide__arrow--next\" type=\"button\" aria-label=\"Next slide\" aria-controls=\"splide01-track\">\n\t\t\t<svg width=\"58\" height=\"58\" viewBox=\"0 0 58 58\" fill=\"none\" xmlns=\"http:\/\/www.w3.org\/2000\/svg\">\n<path d=\"M39.7071 28.3117C40.0976 28.7022 40.0976 29.3354 39.7071 29.7259L33.3431 36.0899C32.9526 36.4804 32.3195 36.4804 31.9289 36.0899C31.5384 35.6993 31.5384 35.0662 31.9289 34.6757L37.5858 29.0188L31.9289 23.3619C31.5384 22.9714 31.5384 22.3383 31.9289 21.9477C32.3195 21.5572 32.9526 21.5572 33.3431 21.9477L39.7071 28.3117ZM19 28.0188L39 28.0188L39 30.0188L19 30.0188L19 28.0188Z\" fill=\"#002B49\"\/>\n<path d=\"M0.5 29.0188C0.5 44.3026 13.2466 56.7163 29 56.7163C44.7534 56.7163 57.5 44.3026 57.5 29.0188C57.5 13.735 44.7534 1.32129 29 1.32129C13.2466 1.32129 0.5 13.735 0.5 29.0188Z\" stroke=\"#002B49\"\/>\n<\/svg>\n\n\t\t<\/button>\n\t<\/div>\n\n\n<\/section>\n\n\n\n\t\n\t\n\t\n\t\n\t\n\n\n<section class=\"cta aligncenter plr-10 pt-100 pb-100 color-white\" data-block=\"block_cff9f0699a0778e76a3fa47b563fa901\">\n\n\t\t\t<h2 class=\"uppercase\" data-aos=\"fade-up\">\u00bfQuieres saber m\u00e1s sobre nuestro Grupo y sobre sus <strong>empresas de tratamiento de aguas<\/strong>?\n<\/h2>\n\t\n\t<div class=\"btn-wrap\" data-aos=\"fade-up\">\n\n\t\t\t\t\t<a href=\"https:\/\/www.sostelia.com\/es\/contacto\/\" title=\"Contatti Gruppo Sostelia\" class=\"btn-expand\">Cont\u00e1ctanos<\/a>\n\n\t\t\n\t<\/div>\n\n\n<\/section>\n","protected":false},"excerpt":{"rendered":"","protected":false},"author":1,"featured_media":0,"parent":0,"menu_order":0,"comment_status":"closed","ping_status":"closed","template":"","meta":{"_acf_changed":false,"inline_featured_image":false,"footnotes":""},"class_list":["post-50","page","type-page","status-publish","hentry"],"acf":[],"yoast_head":"<!-- This site is optimized with the Yoast SEO plugin v24.4 - https:\/\/yoast.com\/wordpress\/plugins\/seo\/ -->\n<title>Societ\u00e0 Trattamento Acque | Il Gruppo Sostelia<\/title>\n<meta name=\"description\" content=\"Scopri Sostelia, societ\u00e0 trattamento acque leader nella progettazione di impianti innovativi per il recupero dell&#039;acqua e la sostenibilit\u00e0 ambientale.\" \/>\n<meta name=\"robots\" content=\"noindex, follow, max-snippet:-1, max-image-preview:large, max-video-preview:-1\" \/>\n<meta property=\"og:locale\" content=\"es_ES\" \/>\n<meta property=\"og:type\" content=\"article\" \/>\n<meta property=\"og:title\" content=\"Societ\u00e0 Trattamento Acque | Il Gruppo Sostelia\" \/>\n<meta property=\"og:description\" content=\"Scopri Sostelia, societ\u00e0 trattamento acque leader nella progettazione di impianti innovativi per il recupero dell&#039;acqua e la sostenibilit\u00e0 ambientale.\" \/>\n<meta property=\"og:url\" content=\"https:\/\/www.sostelia.com\/es\/el-grupo\/\" \/>\n<meta property=\"og:site_name\" content=\"Sostelia ES\" \/>\n<meta property=\"article:modified_time\" content=\"2026-04-16T08:18:57+00:00\" \/>\n<meta property=\"og:image\" content=\"https:\/\/www.sostelia.com\/es\/wp-content\/uploads\/sites\/3\/sostenibilita-desktop.webp\" \/>\n\t<meta property=\"og:image:width\" content=\"2556\" \/>\n\t<meta property=\"og:image:height\" content=\"1438\" \/>\n\t<meta property=\"og:image:type\" content=\"image\/webp\" \/>\n<meta name=\"twitter:card\" content=\"summary_large_image\" \/>\n<script type=\"application\/ld+json\" class=\"yoast-schema-graph\">{\"@context\":\"https:\/\/schema.org\",\"@graph\":[{\"@type\":\"WebPage\",\"@id\":\"https:\/\/www.sostelia.com\/es\/el-grupo\/\",\"url\":\"https:\/\/www.sostelia.com\/es\/el-grupo\/\",\"name\":\"Societ\u00e0 Trattamento Acque | Il Gruppo Sostelia\",\"isPartOf\":{\"@id\":\"https:\/\/www.sostelia.com\/es\/#website\"},\"datePublished\":\"2024-09-24T12:27:52+00:00\",\"dateModified\":\"2026-04-16T08:18:57+00:00\",\"description\":\"Scopri Sostelia, societ\u00e0 trattamento acque leader nella progettazione di impianti innovativi per il recupero dell'acqua e la sostenibilit\u00e0 ambientale.\",\"breadcrumb\":{\"@id\":\"https:\/\/www.sostelia.com\/es\/el-grupo\/#breadcrumb\"},\"inLanguage\":\"es\",\"potentialAction\":[{\"@type\":\"ReadAction\",\"target\":[\"https:\/\/www.sostelia.com\/es\/el-grupo\/\"]}]},{\"@type\":\"BreadcrumbList\",\"@id\":\"https:\/\/www.sostelia.com\/es\/el-grupo\/#breadcrumb\",\"itemListElement\":[{\"@type\":\"ListItem\",\"position\":1,\"name\":\"Home\",\"item\":\"https:\/\/www.sostelia.com\/es\/\"},{\"@type\":\"ListItem\",\"position\":2,\"name\":\"El Grupo\"}]},{\"@type\":\"WebSite\",\"@id\":\"https:\/\/www.sostelia.com\/es\/#website\",\"url\":\"https:\/\/www.sostelia.com\/es\/\",\"name\":\"Sostelia\",\"description\":\"\",\"publisher\":{\"@id\":\"https:\/\/www.sostelia.com\/es\/#organization\"},\"potentialAction\":[{\"@type\":\"SearchAction\",\"target\":{\"@type\":\"EntryPoint\",\"urlTemplate\":\"https:\/\/www.sostelia.com\/es\/?s={search_term_string}\"},\"query-input\":{\"@type\":\"PropertyValueSpecification\",\"valueRequired\":true,\"valueName\":\"search_term_string\"}}],\"inLanguage\":\"es\"},{\"@type\":\"Organization\",\"@id\":\"https:\/\/www.sostelia.com\/es\/#organization\",\"name\":\"Sostelia\",\"url\":\"https:\/\/www.sostelia.com\/es\/\",\"logo\":{\"@type\":\"ImageObject\",\"inLanguage\":\"es\",\"@id\":\"https:\/\/www.sostelia.com\/es\/#\/schema\/logo\/image\/\",\"url\":\"https:\/\/www.sostelia.com\/es\/wp-content\/uploads\/sites\/3\/logo-sostelia-water-tech-group.jpg\",\"contentUrl\":\"https:\/\/www.sostelia.com\/es\/wp-content\/uploads\/sites\/3\/logo-sostelia-water-tech-group.jpg\",\"width\":800,\"height\":800,\"caption\":\"Sostelia\"},\"image\":{\"@id\":\"https:\/\/www.sostelia.com\/es\/#\/schema\/logo\/image\/\"}}]}<\/script>\n<!-- \/ Yoast SEO plugin. -->","yoast_head_json":{"title":"Societ\u00e0 Trattamento Acque | Il Gruppo Sostelia","description":"Scopri Sostelia, societ\u00e0 trattamento acque leader nella progettazione di impianti innovativi per il recupero dell'acqua e la sostenibilit\u00e0 ambientale.","robots":{"index":"noindex","follow":"follow","max-snippet":"max-snippet:-1","max-image-preview":"max-image-preview:large","max-video-preview":"max-video-preview:-1"},"og_locale":"es_ES","og_type":"article","og_title":"Societ\u00e0 Trattamento Acque | Il Gruppo Sostelia","og_description":"Scopri Sostelia, societ\u00e0 trattamento acque leader nella progettazione di impianti innovativi per il recupero dell'acqua e la sostenibilit\u00e0 ambientale.","og_url":"https:\/\/www.sostelia.com\/es\/el-grupo\/","og_site_name":"Sostelia ES","article_modified_time":"2026-04-16T08:18:57+00:00","og_image":[{"width":2556,"height":1438,"url":"https:\/\/www.sostelia.com\/es\/wp-content\/uploads\/sites\/3\/sostenibilita-desktop.webp","type":"image\/webp"}],"twitter_card":"summary_large_image","schema":{"@context":"https:\/\/schema.org","@graph":[{"@type":"WebPage","@id":"https:\/\/www.sostelia.com\/es\/el-grupo\/","url":"https:\/\/www.sostelia.com\/es\/el-grupo\/","name":"Societ\u00e0 Trattamento Acque | Il Gruppo Sostelia","isPartOf":{"@id":"https:\/\/www.sostelia.com\/es\/#website"},"datePublished":"2024-09-24T12:27:52+00:00","dateModified":"2026-04-16T08:18:57+00:00","description":"Scopri Sostelia, societ\u00e0 trattamento acque leader nella progettazione di impianti innovativi per il recupero dell'acqua e la sostenibilit\u00e0 ambientale.","breadcrumb":{"@id":"https:\/\/www.sostelia.com\/es\/el-grupo\/#breadcrumb"},"inLanguage":"es","potentialAction":[{"@type":"ReadAction","target":["https:\/\/www.sostelia.com\/es\/el-grupo\/"]}]},{"@type":"BreadcrumbList","@id":"https:\/\/www.sostelia.com\/es\/el-grupo\/#breadcrumb","itemListElement":[{"@type":"ListItem","position":1,"name":"Home","item":"https:\/\/www.sostelia.com\/es\/"},{"@type":"ListItem","position":2,"name":"El Grupo"}]},{"@type":"WebSite","@id":"https:\/\/www.sostelia.com\/es\/#website","url":"https:\/\/www.sostelia.com\/es\/","name":"Sostelia","description":"","publisher":{"@id":"https:\/\/www.sostelia.com\/es\/#organization"},"potentialAction":[{"@type":"SearchAction","target":{"@type":"EntryPoint","urlTemplate":"https:\/\/www.sostelia.com\/es\/?s={search_term_string}"},"query-input":{"@type":"PropertyValueSpecification","valueRequired":true,"valueName":"search_term_string"}}],"inLanguage":"es"},{"@type":"Organization","@id":"https:\/\/www.sostelia.com\/es\/#organization","name":"Sostelia","url":"https:\/\/www.sostelia.com\/es\/","logo":{"@type":"ImageObject","inLanguage":"es","@id":"https:\/\/www.sostelia.com\/es\/#\/schema\/logo\/image\/","url":"https:\/\/www.sostelia.com\/es\/wp-content\/uploads\/sites\/3\/logo-sostelia-water-tech-group.jpg","contentUrl":"https:\/\/www.sostelia.com\/es\/wp-content\/uploads\/sites\/3\/logo-sostelia-water-tech-group.jpg","width":800,"height":800,"caption":"Sostelia"},"image":{"@id":"https:\/\/www.sostelia.com\/es\/#\/schema\/logo\/image\/"}}]}},"_links":{"self":[{"href":"https:\/\/www.sostelia.com\/es\/wp-json\/wp\/v2\/pages\/50","targetHints":{"allow":["GET"]}}],"collection":[{"href":"https:\/\/www.sostelia.com\/es\/wp-json\/wp\/v2\/pages"}],"about":[{"href":"https:\/\/www.sostelia.com\/es\/wp-json\/wp\/v2\/types\/page"}],"author":[{"embeddable":true,"href":"https:\/\/www.sostelia.com\/es\/wp-json\/wp\/v2\/users\/1"}],"replies":[{"embeddable":true,"href":"https:\/\/www.sostelia.com\/es\/wp-json\/wp\/v2\/comments?post=50"}],"version-history":[{"count":46,"href":"https:\/\/www.sostelia.com\/es\/wp-json\/wp\/v2\/pages\/50\/revisions"}],"predecessor-version":[{"id":1718,"href":"https:\/\/www.sostelia.com\/es\/wp-json\/wp\/v2\/pages\/50\/revisions\/1718"}],"wp:attachment":[{"href":"https:\/\/www.sostelia.com\/es\/wp-json\/wp\/v2\/media?parent=50"}],"curies":[{"name":"wp","href":"https:\/\/api.w.org\/{rel}","templated":true}]}}