{"id":8,"date":"2024-09-24T09:21:56","date_gmt":"2024-09-24T07:21:56","guid":{"rendered":"https:\/\/www.sostelia.com\/es\/home\/"},"modified":"2026-04-16T09:33:54","modified_gmt":"2026-04-16T07:33:54","slug":"home","status":"publish","type":"page","link":"https:\/\/www.sostelia.com\/es\/","title":{"rendered":"Home"},"content":{"rendered":"\n<section class=\"hero-banner-fw aligncenter banner-desktop plr-5\" data-block=\"block_adeb4895e08250275d1964c3e6edc13f\">\n\n\n\t<img decoding=\"async\" src=\"https:\/\/www.sostelia.com\/es\/wp-content\/uploads\/sites\/3\/sostelia-hero-banner.webp\" alt=\"https:\/\/www.sostelia.com\/es\/wp-content\/uploads\/sites\/3\/sostelia-hero-banner.webp\" class=\"img-cover desktop\">\n\n\n\t<div class=\"text-wrap color-white pt-100 pb-100\">\n\n\t\t\t\t\t<p class=\"title fz-60\" data-aos=\"fade-up\">\n\t\t\t\tMuchos nos ven simplemente agua. \n\t\t\t<\/p>\n\t\t\n\t\t<div class=\"image-wrap\">\n\t\t\t<img decoding=\"async\" src=\"https:\/\/www.sostelia.com\/es\/wp-content\/uploads\/sites\/3\/Sostelia_hero_mobile.webp\" alt=\"https:\/\/www.sostelia.com\/es\/wp-content\/uploads\/sites\/3\/Sostelia_hero_mobile.webp\">\n\t\t<\/div>\n\n\t\t\t\t\t<div class=\"text fz-60\" data-aos=\"fade-up\">\n\t\t\t\t<p>Nosotros, un nuevo paradigma de la sostenibilidad.<\/p>\n\n\t\t\t<\/div>\n\t\t\n\t<\/div>\n\n\n\t\t\t<a href=\"#intro\" class=\"scroll-down\">\n\t\t\t<svg width=\"32\" height=\"48\" viewBox=\"0 0 32 48\" fill=\"none\" xmlns=\"http:\/\/www.w3.org\/2000\/svg\">\n<rect x=\"0.5\" y=\"0.5\" width=\"30.5\" height=\"47\" rx=\"15.25\" stroke=\"white\"\/>\n<path d=\"M15.75 6V21\" stroke=\"white\"\/>\n<\/svg>\n\n\t\t\t<div>\n\t\t\t\t\n\t\t\t<\/div>\n\t\t<\/a>\n\t\n\n\t\n\n<\/section>\n\n\n\n<section class=\"text-intro plr-10 pt-100 pb-100\" id=\"intro\" data-block=\"block_426ac5663718c8f1acba22f7a5f3fa82\">\n\n\t\t\t<div class=\"caption\">\n\t\t\t<div class=\"dot\"><\/div>\n\t\t\tEl Grupo\n\t\t<\/div>\n\t\n\t\t\t<h1 class=\"h1-home\" data-aos=\"fade-up\">SOSTELIA, L\u00cdDER EN LAS TECNOLOG\u00cdAS PARA EL <strong>TRATAMIENTO DE LAS AGUAS CIVILES E INDUSTRIALES<\/strong>.\n<\/h1>\n\t\n\n\t\n\n\t\n\t\n\n\t\t\t<a href=\"https:\/\/www.sostelia.com\/es\/el-grupo\/\" title=\"Societ\u00e0 Trattamento Acque\" class=\"btn p-btn\">Descubre el Grupo<\/a>\n\n\t\n\n<\/section>\n\n\n\n\n<section class=\"numbers-carousel aligncenter splide pt-100 pb-100\" data-block=\"block_b5929aafe8aa0da559bf71fa38aba9e7\">\n\n\n\t<div class=\"splide__track\">\n\t\t<div class=\"splide__list\">\n\t\t\t\n\t\t\t\t<div class=\"splide__slide\">\n\n\t\t\t\t\t<div class=\"number fz-200\">390<\/div>\n\t\t\t\t\t<div class=\"text\"><p>recursos humanos<\/p>\n<\/div>\n\n\t\t\t\t<\/div>\n\n\t\t\t\n\t\t\t\t<div class=\"splide__slide\">\n\n\t\t\t\t\t<div class=\"number fz-200\">90<\/div>\n\t\t\t\t\t<div class=\"text\"><p>millones<br \/>\nde ingresos del Grupo<\/p>\n<\/div>\n\n\t\t\t\t<\/div>\n\n\t\t\t\n\t\t\t\t<div class=\"splide__slide\">\n\n\t\t\t\t\t<div class=\"number fz-200\">1.800<\/div>\n\t\t\t\t\t<div class=\"text\"><p>instalaciones construidas<\/p>\n<\/div>\n\n\t\t\t\t<\/div>\n\n\t\t\t\n\t\t\t\t<div class=\"splide__slide\">\n\n\t\t\t\t\t<div class=\"number fz-200\">1.200<\/div>\n\t\t\t\t\t<div class=\"text\"><p>instalaciones operadas<\/p>\n<\/div>\n\n\t\t\t\t<\/div>\n\n\t\t\t\n\t\t\t\t<div class=\"splide__slide\">\n\n\t\t\t\t\t<div class=\"number fz-200\">70<\/div>\n\t\t\t\t\t<div class=\"text\"><p>pa\u00edses servidos<\/p>\n<\/div>\n\n\t\t\t\t<\/div>\n\n\t\t\t\t\t<\/div>\n\t<\/div>\n\n\n<\/section>\n\n\n\n\n<section class=\"group-info-grid aligncenter plr-5 pb-100\" data-block=\"block_83f3b1b502a7bdd945c360b4eea33c28\">\n\n\t<div class=\"wrapper color-white pt-100\">\n\n\t\t\t\t\t<h2 class=\"pb-100\" data-aos=\"fade-up\">LAS EMPRESAS DEL<br \/>\n<strong>GRUPO SOSTELIA<\/strong>\n<\/h2>\n\t\t\n\n\t\t\n\t\t<div class=\"company-wrap\">\n\n\t\t\t\n\t\t\t\t<div class=\"teaser-company\" data-aos=\"fade-up\">\n\n\t<img decoding=\"async\" src=\"https:\/\/www.sostelia.com\/es\/wp-content\/uploads\/sites\/3\/CID-1.svg\" alt=\"https:\/\/www.sostelia.com\/es\/wp-content\/uploads\/sites\/3\/CID-1.svg\" class=\"logo\">\n\n\t<div class=\"text-wrap\">\n\t\t<div class=\"text\">\n\t\t\t\n\t\t<\/div>\n\n\n\t\t\t\t\t<div class=\"cta-wrap\">\n\t\t\t\t\t\t\t\t\t<a href=\"https:\/\/www.cidgroup.it\/en\/\" target=\"_blank\" class=\"link hvr-underline-from-left\">Descubre CID<\/a>\n\t\t\t\t\n\t\t\t\t\t\t\t\t\t<a href=\"http:\/\/cid-cistilne.si\/\" target=\"_blank\" class=\"link hvr-underline-from-left\">Descubre CID Eslovenia<\/a>\n\t\t\t\t\t\t\t<\/div>\n\n\t\t\n\n\t<\/div>\n\n<\/div>\n\n\t\t\t\n\t\t\t\t<div class=\"teaser-company\" data-aos=\"fade-up\">\n\n\t<img decoding=\"async\" src=\"https:\/\/www.sostelia.com\/es\/wp-content\/uploads\/sites\/3\/sta-1.svg\" alt=\"https:\/\/www.sostelia.com\/es\/wp-content\/uploads\/sites\/3\/sta-1.svg\" class=\"logo\">\n\n\t<div class=\"text-wrap\">\n\t\t<div class=\"text\">\n\t\t\t\n\t\t<\/div>\n\n\n\t\t\t\t\t<div class=\"cta-wrap\">\n\t\t\t\t\t\t\t\t\t<a href=\"https:\/\/www.stacque.com\/en-ww\/default.aspx\" target=\"_blank\" class=\"link hvr-underline-from-left\">Descubre STA<\/a>\n\t\t\t\t\n\t\t\t\t\t\t\t<\/div>\n\n\t\t\n\n\t<\/div>\n\n<\/div>\n\n\t\t\t\n\t\t\t\t<div class=\"teaser-company\" data-aos=\"fade-up\">\n\n\t<img decoding=\"async\" src=\"https:\/\/www.sostelia.com\/es\/wp-content\/uploads\/sites\/3\/Coms-1.svg\" alt=\"https:\/\/www.sostelia.com\/es\/wp-content\/uploads\/sites\/3\/Coms-1.svg\" class=\"logo\">\n\n\t<div class=\"text-wrap\">\n\t\t<div class=\"text\">\n\t\t\t\n\t\t<\/div>\n\n\n\t\t\t\t\t<div class=\"cta-wrap\">\n\t\t\t\t\t\t\t\t\t<a href=\"https:\/\/comsitalia.it\/en\/\" target=\"_blank\" class=\"link hvr-underline-from-left\">Descubre Coms<\/a>\n\t\t\t\t\n\t\t\t\t\t\t\t<\/div>\n\n\t\t\n\n\t<\/div>\n\n<\/div>\n\n\t\t\t\n\t\t\t\t<div class=\"teaser-company\" data-aos=\"fade-up\">\n\n\t<img decoding=\"async\" src=\"https:\/\/www.sostelia.com\/es\/wp-content\/uploads\/sites\/3\/trentino-acque.svg\" alt=\"https:\/\/www.sostelia.com\/es\/wp-content\/uploads\/sites\/3\/trentino-acque.svg\" class=\"logo\">\n\n\t<div class=\"text-wrap\">\n\t\t<div class=\"text\">\n\t\t\t\n\t\t<\/div>\n\n\n\t\t\t\t\t<div class=\"cta-wrap\">\n\t\t\t\t\t\t\t\t\t<a href=\"https:\/\/www.stacque.com\/it-it\/trentino-acque-la-nostra-azienda.aspx\" target=\"_blank\" class=\"link hvr-underline-from-left\">Descubre Trentino Acque<\/a>\n\t\t\t\t\n\t\t\t\t\t\t\t<\/div>\n\n\t\t\n\n\t<\/div>\n\n<\/div>\n\n\t\t\t\n\t\t\t<div class=\"logo-wrap\">\n\t\t\t\t<svg width=\"103\" height=\"152\" viewBox=\"0 0 103 152\" fill=\"none\" xmlns=\"http:\/\/www.w3.org\/2000\/svg\">\n<path d=\"M98.0409 48.7851C100.975 43.5362 102.332 38.021 102.321 32.6655C102.321 14.9489 87.5541 0.59668 69.3499 0.59668C51.1458 0.59668 36.3789 14.9595 36.3789 32.6655C36.3789 38.021 37.7253 43.5362 40.659 48.7851C44.3042 55.2905 49.3287 61.125 54.0904 66.9809C61.1838 75.7008 69.1529 83.7819 75.7756 92.8106C85.2881 105.768 86.8316 119.673 81.0628 133.94H98.9604C101.708 125.731 103.043 117.299 101.905 108.504C100.055 94.216 92.6771 82.5682 83.2302 71.9957C78.7421 66.9809 73.9475 62.211 69.3499 57.2921H92.3706C94.4395 54.5558 96.388 51.745 98.0409 48.7851ZM84.2592 32.6762C84.2592 34.1455 84.0183 35.6467 83.4819 37.1586C81.6977 42.1627 78.4247 46.9006 74.9327 51.0423C73.1375 53.1717 71.2546 55.2479 69.3499 57.2921C67.4452 55.2479 65.5624 53.1824 63.7672 51.0423C60.2752 46.9006 57.0022 42.1627 55.2179 37.1586C54.6815 35.6467 54.4298 34.1348 54.4407 32.6762C54.4407 24.659 61.1181 18.1643 69.3609 18.1643C77.6037 18.1643 84.2811 24.659 84.2811 32.6762H84.2592Z\" fill=\"white\"\/>\n<path d=\"M4.99502 103.309C2.06134 108.558 0.703963 114.073 0.714909 119.428C0.714909 137.145 15.4818 151.497 33.686 151.497C51.8901 151.497 66.6571 137.134 66.6571 119.428C66.6571 114.073 65.3106 108.558 62.3769 103.309C58.7317 96.8032 53.7073 90.9687 48.9455 85.1128C41.8521 76.3929 33.883 68.3118 27.2603 59.2831C17.7478 46.3257 16.2043 32.4207 21.9731 18.1536H4.07551C1.32792 26.3625 -0.00755894 34.7949 1.13088 43.5894C2.98086 57.8777 10.3588 69.5255 19.8057 80.098C24.2938 85.1128 29.0884 89.8827 33.686 94.8016H10.6653C8.59645 97.5379 6.64796 100.349 4.99502 103.309ZM18.7768 119.418C18.7768 117.948 19.0176 116.447 19.554 114.935C21.3383 109.931 24.6113 105.193 28.1032 101.051C29.8985 98.922 31.7813 96.8458 33.686 94.8016C35.5907 96.8458 37.4735 98.9113 39.2687 101.051C42.7607 105.193 46.0337 109.931 47.818 114.935C48.3544 116.447 48.6062 117.959 48.5952 119.418C48.5952 127.435 41.9178 133.929 33.675 133.929C25.4323 133.929 18.7549 127.435 18.7549 119.418H18.7768Z\" fill=\"white\"\/>\n<\/svg>\n\n\t\t\t<\/div>\n\n\t\t\t\n\t\t\t\t<div class=\"teaser-company\" data-aos=\"fade-up\">\n\n\t<img decoding=\"async\" src=\"https:\/\/www.sostelia.com\/es\/wp-content\/uploads\/sites\/3\/NPC.svg\" alt=\"https:\/\/www.sostelia.com\/es\/wp-content\/uploads\/sites\/3\/NPC.svg\" class=\"logo\">\n\n\t<div class=\"text-wrap\">\n\t\t<div class=\"text\">\n\t\t\t\n\t\t<\/div>\n\n\n\t\t\t\t\t<div class=\"cta-wrap\">\n\t\t\t\t\t\t\t\t\t<a href=\"https:\/\/www.npcitalia.com\/\" target=\"_blank\" class=\"link hvr-underline-from-left\">Descubre NPC<\/a>\n\t\t\t\t\n\t\t\t\t\t\t\t<\/div>\n\n\t\t\n\n\t<\/div>\n\n<\/div>\n\n\t\t\t\n\t\t\t\t<div class=\"teaser-company\" data-aos=\"fade-up\">\n\n\t<img decoding=\"async\" src=\"https:\/\/www.sostelia.com\/es\/wp-content\/uploads\/sites\/3\/SIMPEC.svg\" alt=\"https:\/\/www.sostelia.com\/es\/wp-content\/uploads\/sites\/3\/SIMPEC.svg\" class=\"logo\">\n\n\t<div class=\"text-wrap\">\n\t\t<div class=\"text\">\n\t\t\t\n\t\t<\/div>\n\n\n\t\t\t\t\t<div class=\"cta-wrap\">\n\t\t\t\t\t\t\t\t\t<a href=\"https:\/\/www.simpec.it\/es\/\" target=\"_blank\" class=\"link hvr-underline-from-left\">Descubre Simpec<\/a>\n\t\t\t\t\n\t\t\t\t\t\t\t<\/div>\n\n\t\t\n\n\t<\/div>\n\n<\/div>\n\n\t\t\t\n\t\t\t\t<div class=\"teaser-company\" data-aos=\"fade-up\">\n\n\t<img decoding=\"async\" src=\"https:\/\/www.sostelia.com\/es\/wp-content\/uploads\/sites\/3\/smart-sea.svg\" alt=\"https:\/\/www.sostelia.com\/es\/wp-content\/uploads\/sites\/3\/smart-sea.svg\" class=\"logo\">\n\n\t<div class=\"text-wrap\">\n\t\t<div class=\"text\">\n\t\t\t\n\t\t<\/div>\n\n\n\t\t\n\n\t<\/div>\n\n<\/div>\n\n\t\t\t\n\t\t\t\t<div class=\"teaser-company\" data-aos=\"fade-up\">\n\n\t<img decoding=\"async\" src=\"https:\/\/www.sostelia.com\/es\/wp-content\/uploads\/sites\/3\/NTW.svg\" alt=\"https:\/\/www.sostelia.com\/es\/wp-content\/uploads\/sites\/3\/NTW.svg\" class=\"logo\">\n\n\t<div class=\"text-wrap\">\n\t\t<div class=\"text\">\n\t\t\t\n\t\t<\/div>\n\n\n\t\t\t\t\t<div class=\"cta-wrap\">\n\t\t\t\t\t\t\t\t\t<a href=\"https:\/\/www.ntwgroup.it\/\" target=\"_blank\" class=\"link hvr-underline-from-left\">Descubre NTW<\/a>\n\t\t\t\t\n\t\t\t\t\t\t\t<\/div>\n\n\t\t\n\n\t<\/div>\n\n<\/div>\n\n\t\t\t\n\t\t<\/div>\n\n\t<\/div>\n\n\n<\/section>\n\n\n\n<section class=\"text-intro aligncenter plr-10 pt-100 pb-100 gradient color-white\" id=\"intro\" data-block=\"block_e356136312c3722555f114b21bc4cb75\">\n\n\t\t\t<div class=\"caption\">\n\t\t\t<div class=\"dot\"><\/div>\n\t\t\tResponsabilidad medioambiental\n\t\t<\/div>\n\t\n\t\t\t<h2 data-aos=\"fade-up\">La <strong>sostenibilidad<\/strong> est\u00e1 en el punto central de nuestros procesos y de nuestras instalaciones.\n<\/h2>\n\t\n\n\t\n\n\t\n\t\n\n\t\t\t<a href=\"https:\/\/www.sostelia.com\/es\/sostenibilidad\/\" title=\"Soluzioni Sostenibili Trattamento Acque\" class=\"btn p-btn align-center\">Descubre m\u00e1s<\/a>\n\n\t\n\n<\/section>\n\n\n\n\n\t<section class=\"post-type-list aligncenter plr-5 pt-50 pb-50\" data-block=\"block_8547b8e43ff566c2699961ab3b045122\">\n\n\t\t<div class=\"col-wrap image-wrap\" data-aos=\"fade-up\">\n\n\t\t\t\n\t\t\t\t\t\t\t\t\t<img decoding=\"async\" src=\"https:\/\/www.sostelia.com\/es\/wp-content\/uploads\/sites\/3\/impianto-trattamento-acque-industriali-1080x0-c-default.webp\" alt=\"impianto trattamento acque industriali\" class=\"img-cover\" id=\"image-1\">\n\t\t\t\t\n\t\t\t\n\t\t\t\t\t\t\t\t\t<img decoding=\"async\" src=\"https:\/\/www.sostelia.com\/es\/wp-content\/uploads\/sites\/3\/servizio-idrico-integrato-2-1080x0-c-default.webp\" alt=\"servizio idrico integrato\" class=\"img-cover\" id=\"image-2\">\n\t\t\t\t\n\t\t\t\n\t\t<\/div>\n\n\t\t<div class=\"col-wrap list-wrap pb-100\">\n\n\t\t\t<h2 data-aos=\"fade-up\">SECTORES<br \/>\nAPLICATIVOS\n<\/h2>\n\n\t\t\t<ul>\n\t\t\t\t\n\t\t\t\t\t<li data-aos=\"fade-up\" data-aos-offset=\"-50\" data-aos-delay=\"100\">\n\n\t\t\t\t\t\t<div class=\"page is-active\" data-index=\"1\">\n\n\t\t\t\t\t\t\t<div class=\"fz-38 title fw-bold\">\n\t\t\t\t\t\t\t\tIndustrial\n\t\t\t\t\t\t\t<\/div>\n\n\t\t\t\t\t\t\t<div class=\"dropdown\">\n\t\t\t\t\t\t\t\t\t\t\t\t\t\t\t\t\t<div class=\"text\">\n\t\t\t\t\t\t\t\t\t\t<p>Apoyamos a las industrias y empresas para reducir el consumo h\u00eddrico y favorecer la recuperaci\u00f3n en los procesos productivos, proporcionando tecnolog\u00edas vanguardistas completamente dise\u00f1adas, construidas y operadas por nuestro Grupo.<\/p>\n\n\t\t\t\t\t\t\t\t\t<\/div>\n\t\t\t\t\t\t\t\t\n\t\t\t\t\t\t\t\t<a href=\"https:\/\/www.sostelia.com\/es\/sectores\/industrial\/\" class=\"btn p-btn\"><\/a>\n\t\t\t\t\t\t\t<\/div>\n\n\t\t\t\t\t\t<\/div>\n\t\t\t\t\t<\/li>\n\t\t\t\t\n\t\t\t\t\t<li data-aos=\"fade-up\" data-aos-offset=\"-50\" data-aos-delay=\"200\">\n\n\t\t\t\t\t\t<div class=\"page\" data-index=\"2\">\n\n\t\t\t\t\t\t\t<div class=\"fz-38 title fw-bold\">\n\t\t\t\t\t\t\t\tServicio h\u00eddrico integrado\n\t\t\t\t\t\t\t<\/div>\n\n\t\t\t\t\t\t\t<div class=\"dropdown\">\n\t\t\t\t\t\t\t\t\t\t\t\t\t\t\t\t\t<div class=\"text\">\n\t\t\t\t\t\t\t\t\t\t<p>Acompa\u00f1amos a los gestores del servicio h\u00eddrico integrado con servicios a medida e instalaciones innovadoras para depurar el agua antes de devolverla a su ambiente natural.<\/p>\n\n\t\t\t\t\t\t\t\t\t<\/div>\n\t\t\t\t\t\t\t\t\n\t\t\t\t\t\t\t\t<a href=\"https:\/\/www.sostelia.com\/es\/sectores\/servicio-hidrico-integrado\/\" class=\"btn p-btn\"><\/a>\n\t\t\t\t\t\t\t<\/div>\n\n\t\t\t\t\t\t<\/div>\n\t\t\t\t\t<\/li>\n\t\t\t\t\n\t\t\t<\/ul>\n\n\t\t<\/div>\n\n\n\t<\/section>\n\n\n\n\n\n<section class=\"statistics aligncenter plr-5 pt-100 pb-100 statistics-nascosta\" data-block=\"block_ef7b5a403d76028ada5359d494591d46\">\n\n\t<div class=\"row-wrap\">\n\t\t\t\t\t<h2 data-aos=\"fade-up\">SOSTELIA \u00c8 TECNOLOGIA, EFFICIENZA, <strong>SOSTENIBILIT\u00c0.<\/strong>\n<\/h2>\n\n\t\t\t<\/div>\n\n\n\t<div class=\"row-wrap\">\n\n\t\t<div class=\"col-wrap fz-33\">\n\t\t\t\t\t\t\t<div class=\"text\" data-aos=\"fade-up\"><p>Tecnologia avanzata come i sistemi di filtrazione a membrana e i bioreattori stanno migliorando questi processi.<\/p>\n<\/div>\n\n\t\t\t\n\t\t\t\t\t<\/div>\n\n\t\t\t\t\t<div class=\"col-wrap numbers\" data-aos=\"fade-up\" data-aos-delay=\"100\">\n\n\n\t\t\t\t<div class=\"filler\"><\/div>\n\n\t\t\t\t<div class=\"text-wrap\">\n\t\t\t\t\t<div class=\"numero __nia\">\n\t\t\t\t\t\t95%\n\t\t\t\t\t<\/div>\n\n\t\t\t\t\t<div class=\"text\">\n\t\t\t\t\t\t<p>Il trattamento delle acque reflue \u00e8 un processo essenziale.<\/p>\n\n\t\t\t\t\t<\/div>\n\t\t\t\t<\/div>\n\n\t\t\t<\/div>\n\t\t\t\t\t<div class=\"col-wrap numbers\" data-aos=\"fade-up\" data-aos-delay=\"200\">\n\n\n\t\t\t\t<div class=\"filler\"><\/div>\n\n\t\t\t\t<div class=\"text-wrap\">\n\t\t\t\t\t<div class=\"numero __nia\">\n\t\t\t\t\t\t68%\n\t\t\t\t\t<\/div>\n\n\t\t\t\t\t<div class=\"text\">\n\t\t\t\t\t\t<p>Il trattamento delle acque reflue \u00e8 un processo essenziale.<\/p>\n\n\t\t\t\t\t<\/div>\n\t\t\t\t<\/div>\n\n\t\t\t<\/div>\n\t\t\t\t\t<div class=\"col-wrap numbers\" data-aos=\"fade-up\" data-aos-delay=\"300\">\n\n\n\t\t\t\t<div class=\"filler\"><\/div>\n\n\t\t\t\t<div class=\"text-wrap\">\n\t\t\t\t\t<div class=\"numero __nia\">\n\t\t\t\t\t\t0%\n\t\t\t\t\t<\/div>\n\n\t\t\t\t\t<div class=\"text\">\n\t\t\t\t\t\t<p>Il trattamento delle acque reflue \u00e8 un processo essenziale.<\/p>\n\n\t\t\t\t\t<\/div>\n\t\t\t\t<\/div>\n\n\t\t\t<\/div>\n\t\t\n\n\t<\/div>\n\n\n<\/section>\n\n\n\n\t\n\t\n\t\n\t\n\t\n\n\n<section class=\"cta aligncenter plr-10 pt-100 pb-100 color-white\" data-block=\"block_2cfa5ac7e6038837944ec7b7a75cb0b7\">\n\n\t\t\t<h2 class=\"uppercase\" data-aos=\"fade-up\">\u00bfQUIERES M\u00c1S INFORMACI\u00d3N<br \/>\nSOBRE NUESTRAS <strong>INSTALACIONES DE TRATAMIENTO DE AGUAS<\/strong>?\n<\/h2>\n\t\n\t<div class=\"btn-wrap\" data-aos=\"fade-up\">\n\n\t\t\t\t\t<a href=\"https:\/\/www.sostelia.com\/es\/contacto\/\" title=\"Contatti Gruppo Sostelia\" class=\"btn-expand\">Cont\u00e1ctanos<\/a>\n\n\t\t\n\t<\/div>\n\n\n<\/section>\n","protected":false},"excerpt":{"rendered":"","protected":false},"author":1,"featured_media":0,"parent":0,"menu_order":-1,"comment_status":"closed","ping_status":"closed","template":"","meta":{"_acf_changed":false,"inline_featured_image":false,"footnotes":""},"class_list":["post-8","page","type-page","status-publish","hentry"],"acf":[],"yoast_head":"<!-- This site is optimized with the Yoast SEO plugin v24.4 - https:\/\/yoast.com\/wordpress\/plugins\/seo\/ -->\n<title>Sostelia: Leader nel Trattamento Acque Civili e Industriali<\/title>\n<meta name=\"description\" content=\"Scopri Sostelia, gruppo leader nel trattamento delle acque reflue industriali. Offriamo soluzioni innovative, garantendo qualit\u00e0 e tecnologie avanzate.\" \/>\n<meta name=\"robots\" content=\"noindex, follow, max-snippet:-1, max-image-preview:large, max-video-preview:-1\" \/>\n<meta property=\"og:locale\" content=\"es_ES\" \/>\n<meta property=\"og:type\" content=\"article\" \/>\n<meta property=\"og:title\" content=\"Sostelia: Leader nel Trattamento Acque Civili e Industriali\" \/>\n<meta property=\"og:description\" content=\"Scopri Sostelia, gruppo leader nel trattamento delle acque reflue industriali. Offriamo soluzioni innovative, garantendo qualit\u00e0 e tecnologie avanzate.\" \/>\n<meta property=\"og:url\" content=\"https:\/\/www.sostelia.com\/es\/\" \/>\n<meta property=\"og:site_name\" content=\"Sostelia ES\" \/>\n<meta property=\"article:modified_time\" content=\"2026-04-16T07:33:54+00:00\" \/>\n<meta property=\"og:image\" content=\"https:\/\/www.sostelia.com\/es\/wp-content\/uploads\/sites\/3\/sostenibilita-desktop.webp\" \/>\n\t<meta property=\"og:image:width\" content=\"2556\" \/>\n\t<meta property=\"og:image:height\" content=\"1438\" \/>\n\t<meta property=\"og:image:type\" content=\"image\/webp\" \/>\n<meta name=\"twitter:card\" content=\"summary_large_image\" \/>\n<script type=\"application\/ld+json\" class=\"yoast-schema-graph\">{\"@context\":\"https:\/\/schema.org\",\"@graph\":[{\"@type\":\"WebPage\",\"@id\":\"https:\/\/www.sostelia.com\/es\/\",\"url\":\"https:\/\/www.sostelia.com\/es\/\",\"name\":\"Sostelia: Leader nel Trattamento Acque Civili e Industriali\",\"isPartOf\":{\"@id\":\"https:\/\/www.sostelia.com\/es\/#website\"},\"datePublished\":\"2024-09-24T07:21:56+00:00\",\"dateModified\":\"2026-04-16T07:33:54+00:00\",\"description\":\"Scopri Sostelia, gruppo leader nel trattamento delle acque reflue industriali. Offriamo soluzioni innovative, garantendo qualit\u00e0 e tecnologie avanzate.\",\"breadcrumb\":{\"@id\":\"https:\/\/www.sostelia.com\/es\/#breadcrumb\"},\"inLanguage\":\"es\",\"potentialAction\":[{\"@type\":\"ReadAction\",\"target\":[\"https:\/\/www.sostelia.com\/es\/\"]}]},{\"@type\":\"BreadcrumbList\",\"@id\":\"https:\/\/www.sostelia.com\/es\/#breadcrumb\",\"itemListElement\":[{\"@type\":\"ListItem\",\"position\":1,\"name\":\"Home\",\"item\":\"https:\/\/www.sostelia.com\/es\/\"},{\"@type\":\"ListItem\",\"position\":2,\"name\":\"Home\"}]},{\"@type\":\"WebSite\",\"@id\":\"https:\/\/www.sostelia.com\/es\/#website\",\"url\":\"https:\/\/www.sostelia.com\/es\/\",\"name\":\"Sostelia\",\"description\":\"\",\"publisher\":{\"@id\":\"https:\/\/www.sostelia.com\/es\/#organization\"},\"potentialAction\":[{\"@type\":\"SearchAction\",\"target\":{\"@type\":\"EntryPoint\",\"urlTemplate\":\"https:\/\/www.sostelia.com\/es\/?s={search_term_string}\"},\"query-input\":{\"@type\":\"PropertyValueSpecification\",\"valueRequired\":true,\"valueName\":\"search_term_string\"}}],\"inLanguage\":\"es\"},{\"@type\":\"Organization\",\"@id\":\"https:\/\/www.sostelia.com\/es\/#organization\",\"name\":\"Sostelia\",\"url\":\"https:\/\/www.sostelia.com\/es\/\",\"logo\":{\"@type\":\"ImageObject\",\"inLanguage\":\"es\",\"@id\":\"https:\/\/www.sostelia.com\/es\/#\/schema\/logo\/image\/\",\"url\":\"https:\/\/www.sostelia.com\/es\/wp-content\/uploads\/sites\/3\/logo-sostelia-water-tech-group.jpg\",\"contentUrl\":\"https:\/\/www.sostelia.com\/es\/wp-content\/uploads\/sites\/3\/logo-sostelia-water-tech-group.jpg\",\"width\":800,\"height\":800,\"caption\":\"Sostelia\"},\"image\":{\"@id\":\"https:\/\/www.sostelia.com\/es\/#\/schema\/logo\/image\/\"}}]}<\/script>\n<!-- \/ Yoast SEO plugin. -->","yoast_head_json":{"title":"Sostelia: Leader nel Trattamento Acque Civili e Industriali","description":"Scopri Sostelia, gruppo leader nel trattamento delle acque reflue industriali. Offriamo soluzioni innovative, garantendo qualit\u00e0 e tecnologie avanzate.","robots":{"index":"noindex","follow":"follow","max-snippet":"max-snippet:-1","max-image-preview":"max-image-preview:large","max-video-preview":"max-video-preview:-1"},"og_locale":"es_ES","og_type":"article","og_title":"Sostelia: Leader nel Trattamento Acque Civili e Industriali","og_description":"Scopri Sostelia, gruppo leader nel trattamento delle acque reflue industriali. Offriamo soluzioni innovative, garantendo qualit\u00e0 e tecnologie avanzate.","og_url":"https:\/\/www.sostelia.com\/es\/","og_site_name":"Sostelia ES","article_modified_time":"2026-04-16T07:33:54+00:00","og_image":[{"width":2556,"height":1438,"url":"https:\/\/www.sostelia.com\/es\/wp-content\/uploads\/sites\/3\/sostenibilita-desktop.webp","type":"image\/webp"}],"twitter_card":"summary_large_image","schema":{"@context":"https:\/\/schema.org","@graph":[{"@type":"WebPage","@id":"https:\/\/www.sostelia.com\/es\/","url":"https:\/\/www.sostelia.com\/es\/","name":"Sostelia: Leader nel Trattamento Acque Civili e Industriali","isPartOf":{"@id":"https:\/\/www.sostelia.com\/es\/#website"},"datePublished":"2024-09-24T07:21:56+00:00","dateModified":"2026-04-16T07:33:54+00:00","description":"Scopri Sostelia, gruppo leader nel trattamento delle acque reflue industriali. Offriamo soluzioni innovative, garantendo qualit\u00e0 e tecnologie avanzate.","breadcrumb":{"@id":"https:\/\/www.sostelia.com\/es\/#breadcrumb"},"inLanguage":"es","potentialAction":[{"@type":"ReadAction","target":["https:\/\/www.sostelia.com\/es\/"]}]},{"@type":"BreadcrumbList","@id":"https:\/\/www.sostelia.com\/es\/#breadcrumb","itemListElement":[{"@type":"ListItem","position":1,"name":"Home","item":"https:\/\/www.sostelia.com\/es\/"},{"@type":"ListItem","position":2,"name":"Home"}]},{"@type":"WebSite","@id":"https:\/\/www.sostelia.com\/es\/#website","url":"https:\/\/www.sostelia.com\/es\/","name":"Sostelia","description":"","publisher":{"@id":"https:\/\/www.sostelia.com\/es\/#organization"},"potentialAction":[{"@type":"SearchAction","target":{"@type":"EntryPoint","urlTemplate":"https:\/\/www.sostelia.com\/es\/?s={search_term_string}"},"query-input":{"@type":"PropertyValueSpecification","valueRequired":true,"valueName":"search_term_string"}}],"inLanguage":"es"},{"@type":"Organization","@id":"https:\/\/www.sostelia.com\/es\/#organization","name":"Sostelia","url":"https:\/\/www.sostelia.com\/es\/","logo":{"@type":"ImageObject","inLanguage":"es","@id":"https:\/\/www.sostelia.com\/es\/#\/schema\/logo\/image\/","url":"https:\/\/www.sostelia.com\/es\/wp-content\/uploads\/sites\/3\/logo-sostelia-water-tech-group.jpg","contentUrl":"https:\/\/www.sostelia.com\/es\/wp-content\/uploads\/sites\/3\/logo-sostelia-water-tech-group.jpg","width":800,"height":800,"caption":"Sostelia"},"image":{"@id":"https:\/\/www.sostelia.com\/es\/#\/schema\/logo\/image\/"}}]}},"_links":{"self":[{"href":"https:\/\/www.sostelia.com\/es\/wp-json\/wp\/v2\/pages\/8","targetHints":{"allow":["GET"]}}],"collection":[{"href":"https:\/\/www.sostelia.com\/es\/wp-json\/wp\/v2\/pages"}],"about":[{"href":"https:\/\/www.sostelia.com\/es\/wp-json\/wp\/v2\/types\/page"}],"author":[{"embeddable":true,"href":"https:\/\/www.sostelia.com\/es\/wp-json\/wp\/v2\/users\/1"}],"replies":[{"embeddable":true,"href":"https:\/\/www.sostelia.com\/es\/wp-json\/wp\/v2\/comments?post=8"}],"version-history":[{"count":87,"href":"https:\/\/www.sostelia.com\/es\/wp-json\/wp\/v2\/pages\/8\/revisions"}],"predecessor-version":[{"id":1711,"href":"https:\/\/www.sostelia.com\/es\/wp-json\/wp\/v2\/pages\/8\/revisions\/1711"}],"wp:attachment":[{"href":"https:\/\/www.sostelia.com\/es\/wp-json\/wp\/v2\/media?parent=8"}],"curies":[{"name":"wp","href":"https:\/\/api.w.org\/{rel}","templated":true}]}}