{"id":86,"date":"2024-09-24T16:21:59","date_gmt":"2024-09-24T14:21:59","guid":{"rendered":"https:\/\/www.sostelia.com\/es\/?page_id=86"},"modified":"2025-04-22T13:49:31","modified_gmt":"2025-04-22T11:49:31","slug":"soluzioni-sostenibili-trattamento-acque","status":"publish","type":"page","link":"https:\/\/www.sostelia.com\/es\/soluzioni-sostenibili-trattamento-acque\/","title":{"rendered":"Sostenibilit\u00e0"},"content":{"rendered":"\n\n\n\n\n<section class=\"hero-banner aligncenter pt-100 no-overlay\" data-block=\"block_5971ef482eefea7687536916a3d7b9f8\">\n\n\n\t\n\t\t\t\t\n\t\t\n\n\t\t<img decoding=\"async\" src=\"https:\/\/www.sostelia.com\/es\/wp-content\/uploads\/sites\/3\/sostenibilita-desktop.webp\" alt=\"mano in giacca e camicia sorregge acqua: campagna sostelia\" class=\"img-cover desktop\">\n\n\t\t\t\t\t<img decoding=\"async\" src=\"https:\/\/www.sostelia.com\/es\/wp-content\/uploads\/sites\/3\/sostenibilita-mobile.webp\" alt=\"mano in giacca e camicia sorregge acqua: campagna sostelia\" class=\"img-cover mobile\">\n\t\t\n\t\n\n\t<div class=\"title-wrap pt-80 pb-100 plr-5 color-white\">\n\t\t<div class=\"col-wrap\">\n\t\t\t<div class=\"custom-breadcrumb uppercase color-white\" data-aos=\"fade-right\"><\/div>\n\n\t\t\t\t\t\t\t<h1 data-aos=\"fade-up\"><\/h1>\n\t\t\t\n\t\t\t<div class=\"text fz-33 uppercase\" data-aos=\"fade-up\" data-aos-delay=\"300\">\n\t\t\t\t<p>Per noi sostenibilit\u00e0 significa responsabilit\u00e0 ambientale.<\/p>\n\n\t\t\t<\/div>\n\n\t\t<\/div>\n\n\n\t\t\n\t<\/div>\n\n\n\t\n\n\t\n\t\t\t<a href=\"#intro\" class=\"scroll-down\">\n\t\t\t<svg width=\"32\" height=\"48\" viewBox=\"0 0 32 48\" fill=\"none\" xmlns=\"http:\/\/www.w3.org\/2000\/svg\">\n<rect x=\"0.5\" y=\"0.5\" width=\"30.5\" height=\"47\" rx=\"15.25\" stroke=\"white\"\/>\n<path d=\"M15.75 6V21\" stroke=\"white\"\/>\n<\/svg>\n\n\t\t\t<div>\n\t\t\t\t\n\t\t\t<\/div>\n\t\t<\/a>\n\t\n\n\t\n\n<\/section>\n\n\n\n<section class=\"text-intro aligncenter plr-10 pt-100 pb-100\" id=\"intro\" data-block=\"block_bc7a341426ff3879f78513769aacf7f9\">\n\n\t\t\t<div class=\"caption\">\n\t\t\t<div class=\"dot\"><\/div>\n\t\t\tResponsabilit\u00e0 ambientale\n\t\t<\/div>\n\t\n\t\t\t<h2 data-aos=\"fade-up\">Sostelia custodisce e salvaguarda le risorse idriche, sempre pi\u00f9 essenziali, attraverso <strong>la depurazione e il recupero delle acque reflue civili e industriali<\/strong>.\n<\/h2>\n\t\n\n\t\n\t\t<div class=\"row-wrap  pt-50\">\n\n\n\t\t\t\t\t\t\t<div class=\"subtitle-wrap col-wrap fz-25 fw-bold\" data-aos=\"fade-up\">\n\t\t\t\t\t<p>Ogni nostra azione riflette l\u2019impegno concreto per un futuro migliore. Scopri come trasformiamo le intenzioni in risultati tangibili.<\/p>\n\n\t\t\t\t<\/div>\n\t\t\t\n\t\t\t\t\t\t\t<div class=\"text-wrap col-wrap\" data-aos=\"fade-up\">\n\n\t\t\t\t\t<p>La sostenibilit\u00e0 per Sostelia non \u00e8 solo una dichiarazione d&#8217;intenti, ma un impegno quotidiano. La salvaguardia delle risorse idriche \u00e8 una responsabilit\u00e0 non pi\u00f9 rimandabile: questo \u00e8 il focus del nostro approccio.<\/p>\n<p>Attraverso le nostre societ\u00e0, specializzate nella realizzazione di <strong>soluzioni sostenibili e all\u2019avanguardia<\/strong>, lavoriamo per <strong>trasformare le acque reflue in una risorsa<\/strong>, da riutilizzare o reimmettere nell\u2019ambiente naturale. Questa \u00e8 la nostra visione di economia circolare: un modello virtuoso in cui ogni goccia d&#8217;acqua recuperata rappresenta un passo verso un futuro pi\u00f9 sostenibile.<\/p>\n<p>Inoltre, il nostro impegno \u00e8 anche verso le persone e le risorse umane del nostro Gruppo: abbiamo ottenuto la <strong>certificazione UNI PDR 125:2022 sulla parit\u00e0 di genere<\/strong>. Un importante riconoscimento che si affianca alla <strong>certificazione SA 8000<\/strong>, che identifica le organizzazioni che contribuiscono allo sviluppo sostenibile e alle tematiche sociali. Abbiamo anche raggiunto la <strong>UNI 45001:2018<\/strong> per la gestione della salute e sicurezza sul lavoro.<\/p>\n\n\t\t\t\t\t\n\n\t\t\t\t<\/div>\n\t\t\t\n\t\t<\/div>\n\n\t\n\n\t\n\t\t\t\t\n\n\t\n\n<\/section>\n\n\n\n<section class=\"alt-plus aligncenter plr-5 color-white pt-100 pb-100\" data-block=\"block_de123e230403bf434a94fb451fbd6dc6\">\n\n\n\t<div class=\"row-wrap title-wrap\">\n\t\t<div class=\"h2 title\">Un esempio del nostro impegno.\n<\/div>\n\t\t<div class=\"text fz-25 fw-bold\"><p>Abbiamo progettato e realizzato un innovativo impianto a scarico zero per la depurazione delle acque industriali di un&#8217;azienda di Bassano del Grappa.<\/p>\n<\/div>\n\t<\/div>\n\n\t<div class=\"row-wrap content-wrap\">\n\n\t\t\n\t\t\t<div class=\"item\">\n\n\t\t\t\t<div class=\"placeholder\"><\/div>\n\n\t\t\t\t<div class=\"wrapper\">\n\t\t\t\t\t<div class=\"dot-wrap\">\n\t\t\t\t\t\t<div class=\"circle\"><\/div>\n\t\t\t\t\t\t<div class=\"dot\"><\/div>\n\t\t\t\t\t<\/div>\n\t\t\t\t<\/div>\n\n\t\t\t\t<div class=\"text-wrap\">\n\t\t\t\t\t<div class=\"title fz-38 fw-bold\" data-aos=\"fade-up\">\n\t\t\t\t\t\tEfficiente\n\t\t\t\t\t<\/div>\n\t\t\t\t\t<div class=\"text\" data-aos=\"fade-up\">\n\t\t\t\t\t\t<p>Perch\u00e9 recupera il 97% dell&#8217;acqua contro il 90% degli impianti classici.<\/p>\n\n\t\t\t\t\t<\/div>\n\t\t\t\t<\/div>\n\n\t\t\t<\/div>\n\n\t\t\n\t\t\t<div class=\"item\">\n\n\t\t\t\t<div class=\"placeholder\"><\/div>\n\n\t\t\t\t<div class=\"wrapper\">\n\t\t\t\t\t<div class=\"dot-wrap\">\n\t\t\t\t\t\t<div class=\"circle\"><\/div>\n\t\t\t\t\t\t<div class=\"dot\"><\/div>\n\t\t\t\t\t<\/div>\n\t\t\t\t<\/div>\n\n\t\t\t\t<div class=\"text-wrap\">\n\t\t\t\t\t<div class=\"title fz-38 fw-bold\" data-aos=\"fade-up\">\n\t\t\t\t\t\tEconomico\n\t\t\t\t\t<\/div>\n\t\t\t\t\t<div class=\"text\" data-aos=\"fade-up\">\n\t\t\t\t\t\t<p>Perch\u00e9 riduce il consumo energetico del 67%, passando da 400 a 130 kWh.<\/p>\n\n\t\t\t\t\t<\/div>\n\t\t\t\t<\/div>\n\n\t\t\t<\/div>\n\n\t\t\n\t\t\t<div class=\"item\">\n\n\t\t\t\t<div class=\"placeholder\"><\/div>\n\n\t\t\t\t<div class=\"wrapper\">\n\t\t\t\t\t<div class=\"dot-wrap\">\n\t\t\t\t\t\t<div class=\"circle\"><\/div>\n\t\t\t\t\t\t<div class=\"dot\"><\/div>\n\t\t\t\t\t<\/div>\n\t\t\t\t<\/div>\n\n\t\t\t\t<div class=\"text-wrap\">\n\t\t\t\t\t<div class=\"title fz-38 fw-bold\" data-aos=\"fade-up\">\n\t\t\t\t\t\tEcologico\n\t\t\t\t\t<\/div>\n\t\t\t\t\t<div class=\"text\" data-aos=\"fade-up\">\n\t\t\t\t\t\t<p>Perch\u00e9 diminuisce del 70% sia gli smaltimenti che il consumo di acqua (da 10 a 3 m\u00b3\/giorno).<\/p>\n\n\t\t\t\t\t<\/div>\n\t\t\t\t<\/div>\n\n\t\t\t<\/div>\n\n\t\t\n\t<\/div>\n\n\n<\/section>\n\n\n\n\n<section class=\"case-study-preview aligncenter plr-5 pt-100 pb-100 color-white\" data-block=\"block_f3df66942410904a484161c43fd10b1a\">\n\n\n\t\n\t\n\n\t<img decoding=\"async\" src=\"https:\/\/www.sostelia.com\/es\/wp-content\/uploads\/sites\/3\/quadro-comando-impianto-trattamento-acque-industriali.webp\" alt=\"quadro comando impianto trattamento acque industriali\" class=\"img-cover\">\n\n\t<div class=\"text-wrap\">\n\t\t<div class=\"title h1\">Impianto innovativo per il trattamento acque industriali<\/div>\n\t\t<div class=\"text fz-25 fw-bold\">\n\t\t\t\n\t\t<\/div>\n\t\t<a href=\"https:\/\/www.sostelia.com\/es\/realizzazione-impianti-trattamento-acque\/impianto-innovativo-per-trattamento-acque-industriali\/\" class=\"btn w-btn\"><\/a>\n\n\t<\/div>\n\n\n<\/section>\n\n\n\n<section class=\"valori aligncenter pt-100 pb-100 plr-10\" data-block=\"block_f38b1ce49f93c9836f09675328cf635c\">\n\n\t<div class=\"text-wrap\" data-aos=\"fade-up\">\n\t\t<div class=\"title h2\">Sostenibili: come?\n<\/div>\n\t<\/div>\n\n\t<div class=\"list-wrap\">\n\t\t\t\t\t<div class=\"valore\" data-aos=\"fade-up\">\n\n\t\t\t\t\t\t\t\t\t<h4 class=\"fz-38 fw-bold\">Principi ESG\n<\/h4>\n\t\t\t\t\n\t\t\t\t\t\t\t\t\t<div class=\"text\"><p>Guardare al futuro, per noi, significa preservare l\u2019ambiente, ma anche garantire benessere socio-economico per i nostri dipendenti e per il territorio che ci ospita.<\/p>\n<\/div>\n\t\t\t\t\n\t\t\t\t\n\n\t\t\t<\/div>\n\t\t\t\t\t<div class=\"valore\" data-aos=\"fade-up\">\n\n\t\t\t\t\t\t\t\t\t<h4 class=\"fz-38 fw-bold\">Bilancio di Sostenibilit\u00e0\n<\/h4>\n\t\t\t\t\n\t\t\t\t\t\t\t\t\t<div class=\"text\"><p>Misuriamo il nostro impegno per l&#8217;ambiente attraverso risultati concreti, a disposizione di tutti.<br \/>\n<br \/>\n<em>Download presto disponibile<\/em><\/p>\n<\/div>\n\t\t\t\t\n\t\t\t\t\n\n\t\t\t<\/div>\n\t\t\t\t\t<div class=\"valore\" data-aos=\"fade-up\">\n\n\t\t\t\t\t\t\t\t\t<h4 class=\"fz-38 fw-bold\">Parit\u00e0 di genere\n<\/h4>\n\t\t\t\t\n\t\t\t\t\t\t\t\t\t<div class=\"text\"><p>Stimoliamo un ambiente di lavoro inclusivo in cui ogni talento \u00e8 valorizzato e pu\u00f2 esprimersi al meglio.<\/p>\n<\/div>\n\t\t\t\t\n\t\t\t\t\n\n\t\t\t<\/div>\n\t\t\t<\/div>\n\n<\/section>\n\n\n\n\t\n\t\n\t\n\t\n\t\n\n\n<section class=\"cta aligncenter plr-10 pt-100 pb-100 color-white\" data-block=\"block_1a78c2b4d412ec575d432578ad925c45\">\n\n\t\t\t<h2 class=\"uppercase\" data-aos=\"fade-up\">Vuoi saperne di pi\u00f9 sulle <strong>soluzioni sostenibili per il trattamento delle acque<\/strong> offerte da Sostelia?\n<\/h2>\n\t\n\t<div class=\"btn-wrap\" data-aos=\"fade-up\">\n\n\t\t\t\t\t<a href=\"https:\/\/www.sostelia.com\/es\/contatti\/\" title=\"Contatti Gruppo Sostelia\" class=\"btn-expand\">Contattaci<\/a>\n\n\t\t\n\t<\/div>\n\n\n<\/section>\n","protected":false},"excerpt":{"rendered":"","protected":false},"author":1,"featured_media":0,"parent":0,"menu_order":0,"comment_status":"closed","ping_status":"closed","template":"","meta":{"_acf_changed":false,"inline_featured_image":false,"footnotes":""},"class_list":["post-86","page","type-page","status-publish","hentry"],"acf":[],"yoast_head":"<!-- This site is optimized with the Yoast SEO plugin v24.4 - https:\/\/yoast.com\/wordpress\/plugins\/seo\/ -->\n<title>Soluzioni Sostenibili Trattamento Acque | Gruppo Sostelia<\/title>\n<meta name=\"description\" content=\"Adotta pratiche sostenibili per la gestione delle acque reflue. Rivolgiti a Sostelia per soluzioni innovative ed efficaci che riducono l\u2019impatto ambientale.\" \/>\n<meta name=\"robots\" content=\"noindex, follow, max-snippet:-1, max-image-preview:large, max-video-preview:-1\" \/>\n<meta property=\"og:locale\" content=\"es_ES\" \/>\n<meta property=\"og:type\" content=\"article\" \/>\n<meta property=\"og:title\" content=\"Soluzioni Sostenibili Trattamento Acque | Gruppo Sostelia\" \/>\n<meta property=\"og:description\" content=\"Adotta pratiche sostenibili per la gestione delle acque reflue. Rivolgiti a Sostelia per soluzioni innovative ed efficaci che riducono l\u2019impatto ambientale.\" \/>\n<meta property=\"og:url\" content=\"https:\/\/www.sostelia.com\/es\/soluzioni-sostenibili-trattamento-acque\/\" \/>\n<meta property=\"og:site_name\" content=\"Sostelia ES\" \/>\n<meta property=\"article:modified_time\" content=\"2025-04-22T11:49:31+00:00\" \/>\n<meta property=\"og:image\" content=\"https:\/\/www.sostelia.com\/es\/wp-content\/uploads\/sites\/3\/sostenibilita-desktop.webp\" \/>\n\t<meta property=\"og:image:width\" content=\"2556\" \/>\n\t<meta property=\"og:image:height\" content=\"1438\" \/>\n\t<meta property=\"og:image:type\" content=\"image\/webp\" \/>\n<meta name=\"twitter:card\" content=\"summary_large_image\" \/>\n<script type=\"application\/ld+json\" class=\"yoast-schema-graph\">{\"@context\":\"https:\/\/schema.org\",\"@graph\":[{\"@type\":\"WebPage\",\"@id\":\"https:\/\/www.sostelia.com\/es\/soluzioni-sostenibili-trattamento-acque\/\",\"url\":\"https:\/\/www.sostelia.com\/es\/soluzioni-sostenibili-trattamento-acque\/\",\"name\":\"Soluzioni Sostenibili Trattamento Acque | Gruppo Sostelia\",\"isPartOf\":{\"@id\":\"https:\/\/www.sostelia.com\/es\/#website\"},\"datePublished\":\"2024-09-24T14:21:59+00:00\",\"dateModified\":\"2025-04-22T11:49:31+00:00\",\"description\":\"Adotta pratiche sostenibili per la gestione delle acque reflue. Rivolgiti a Sostelia per soluzioni innovative ed efficaci che riducono l\u2019impatto ambientale.\",\"breadcrumb\":{\"@id\":\"https:\/\/www.sostelia.com\/es\/soluzioni-sostenibili-trattamento-acque\/#breadcrumb\"},\"inLanguage\":\"es\",\"potentialAction\":[{\"@type\":\"ReadAction\",\"target\":[\"https:\/\/www.sostelia.com\/es\/soluzioni-sostenibili-trattamento-acque\/\"]}]},{\"@type\":\"BreadcrumbList\",\"@id\":\"https:\/\/www.sostelia.com\/es\/soluzioni-sostenibili-trattamento-acque\/#breadcrumb\",\"itemListElement\":[{\"@type\":\"ListItem\",\"position\":1,\"name\":\"Home\",\"item\":\"https:\/\/www.sostelia.com\/es\/\"},{\"@type\":\"ListItem\",\"position\":2,\"name\":\"Sostenibilit\u00e0\"}]},{\"@type\":\"WebSite\",\"@id\":\"https:\/\/www.sostelia.com\/es\/#website\",\"url\":\"https:\/\/www.sostelia.com\/es\/\",\"name\":\"Sostelia\",\"description\":\"\",\"publisher\":{\"@id\":\"https:\/\/www.sostelia.com\/es\/#organization\"},\"potentialAction\":[{\"@type\":\"SearchAction\",\"target\":{\"@type\":\"EntryPoint\",\"urlTemplate\":\"https:\/\/www.sostelia.com\/es\/?s={search_term_string}\"},\"query-input\":{\"@type\":\"PropertyValueSpecification\",\"valueRequired\":true,\"valueName\":\"search_term_string\"}}],\"inLanguage\":\"es\"},{\"@type\":\"Organization\",\"@id\":\"https:\/\/www.sostelia.com\/es\/#organization\",\"name\":\"Sostelia\",\"url\":\"https:\/\/www.sostelia.com\/es\/\",\"logo\":{\"@type\":\"ImageObject\",\"inLanguage\":\"es\",\"@id\":\"https:\/\/www.sostelia.com\/es\/#\/schema\/logo\/image\/\",\"url\":\"https:\/\/www.sostelia.com\/es\/wp-content\/uploads\/sites\/3\/logo-sostelia-water-tech-group.jpg\",\"contentUrl\":\"https:\/\/www.sostelia.com\/es\/wp-content\/uploads\/sites\/3\/logo-sostelia-water-tech-group.jpg\",\"width\":800,\"height\":800,\"caption\":\"Sostelia\"},\"image\":{\"@id\":\"https:\/\/www.sostelia.com\/es\/#\/schema\/logo\/image\/\"}}]}<\/script>\n<!-- \/ Yoast SEO plugin. -->","yoast_head_json":{"title":"Soluzioni Sostenibili Trattamento Acque | Gruppo Sostelia","description":"Adotta pratiche sostenibili per la gestione delle acque reflue. Rivolgiti a Sostelia per soluzioni innovative ed efficaci che riducono l\u2019impatto ambientale.","robots":{"index":"noindex","follow":"follow","max-snippet":"max-snippet:-1","max-image-preview":"max-image-preview:large","max-video-preview":"max-video-preview:-1"},"og_locale":"es_ES","og_type":"article","og_title":"Soluzioni Sostenibili Trattamento Acque | Gruppo Sostelia","og_description":"Adotta pratiche sostenibili per la gestione delle acque reflue. Rivolgiti a Sostelia per soluzioni innovative ed efficaci che riducono l\u2019impatto ambientale.","og_url":"https:\/\/www.sostelia.com\/es\/soluzioni-sostenibili-trattamento-acque\/","og_site_name":"Sostelia ES","article_modified_time":"2025-04-22T11:49:31+00:00","og_image":[{"width":2556,"height":1438,"url":"https:\/\/www.sostelia.com\/es\/wp-content\/uploads\/sites\/3\/sostenibilita-desktop.webp","type":"image\/webp"}],"twitter_card":"summary_large_image","schema":{"@context":"https:\/\/schema.org","@graph":[{"@type":"WebPage","@id":"https:\/\/www.sostelia.com\/es\/soluzioni-sostenibili-trattamento-acque\/","url":"https:\/\/www.sostelia.com\/es\/soluzioni-sostenibili-trattamento-acque\/","name":"Soluzioni Sostenibili Trattamento Acque | Gruppo Sostelia","isPartOf":{"@id":"https:\/\/www.sostelia.com\/es\/#website"},"datePublished":"2024-09-24T14:21:59+00:00","dateModified":"2025-04-22T11:49:31+00:00","description":"Adotta pratiche sostenibili per la gestione delle acque reflue. Rivolgiti a Sostelia per soluzioni innovative ed efficaci che riducono l\u2019impatto ambientale.","breadcrumb":{"@id":"https:\/\/www.sostelia.com\/es\/soluzioni-sostenibili-trattamento-acque\/#breadcrumb"},"inLanguage":"es","potentialAction":[{"@type":"ReadAction","target":["https:\/\/www.sostelia.com\/es\/soluzioni-sostenibili-trattamento-acque\/"]}]},{"@type":"BreadcrumbList","@id":"https:\/\/www.sostelia.com\/es\/soluzioni-sostenibili-trattamento-acque\/#breadcrumb","itemListElement":[{"@type":"ListItem","position":1,"name":"Home","item":"https:\/\/www.sostelia.com\/es\/"},{"@type":"ListItem","position":2,"name":"Sostenibilit\u00e0"}]},{"@type":"WebSite","@id":"https:\/\/www.sostelia.com\/es\/#website","url":"https:\/\/www.sostelia.com\/es\/","name":"Sostelia","description":"","publisher":{"@id":"https:\/\/www.sostelia.com\/es\/#organization"},"potentialAction":[{"@type":"SearchAction","target":{"@type":"EntryPoint","urlTemplate":"https:\/\/www.sostelia.com\/es\/?s={search_term_string}"},"query-input":{"@type":"PropertyValueSpecification","valueRequired":true,"valueName":"search_term_string"}}],"inLanguage":"es"},{"@type":"Organization","@id":"https:\/\/www.sostelia.com\/es\/#organization","name":"Sostelia","url":"https:\/\/www.sostelia.com\/es\/","logo":{"@type":"ImageObject","inLanguage":"es","@id":"https:\/\/www.sostelia.com\/es\/#\/schema\/logo\/image\/","url":"https:\/\/www.sostelia.com\/es\/wp-content\/uploads\/sites\/3\/logo-sostelia-water-tech-group.jpg","contentUrl":"https:\/\/www.sostelia.com\/es\/wp-content\/uploads\/sites\/3\/logo-sostelia-water-tech-group.jpg","width":800,"height":800,"caption":"Sostelia"},"image":{"@id":"https:\/\/www.sostelia.com\/es\/#\/schema\/logo\/image\/"}}]}},"_links":{"self":[{"href":"https:\/\/www.sostelia.com\/es\/wp-json\/wp\/v2\/pages\/86","targetHints":{"allow":["GET"]}}],"collection":[{"href":"https:\/\/www.sostelia.com\/es\/wp-json\/wp\/v2\/pages"}],"about":[{"href":"https:\/\/www.sostelia.com\/es\/wp-json\/wp\/v2\/types\/page"}],"author":[{"embeddable":true,"href":"https:\/\/www.sostelia.com\/es\/wp-json\/wp\/v2\/users\/1"}],"replies":[{"embeddable":true,"href":"https:\/\/www.sostelia.com\/es\/wp-json\/wp\/v2\/comments?post=86"}],"version-history":[{"count":25,"href":"https:\/\/www.sostelia.com\/es\/wp-json\/wp\/v2\/pages\/86\/revisions"}],"predecessor-version":[{"id":1564,"href":"https:\/\/www.sostelia.com\/es\/wp-json\/wp\/v2\/pages\/86\/revisions\/1564"}],"wp:attachment":[{"href":"https:\/\/www.sostelia.com\/es\/wp-json\/wp\/v2\/media?parent=86"}],"curies":[{"name":"wp","href":"https:\/\/api.w.org\/{rel}","templated":true}]}}